{"id":1389,"date":"2012-08-22T10:35:30","date_gmt":"2012-08-22T14:35:30","guid":{"rendered":"http:\/\/www.adventist.ca\/?page_id=1389"},"modified":"2026-01-05T15:35:41","modified_gmt":"2026-01-05T20:35:41","slug":"fermetures","status":"publish","type":"page","link":"https:\/\/www.adventist.ca\/fr\/ressources\/calendriers\/fermetures\/","title":{"rendered":"Eglise Adventiste du Septi\u00e8me Jour au Canada Fermeture pour jours f\u00e9ri\u00e9s &#8211; 2025"},"content":{"rendered":"<table class=\"Holidays\">\n<tbody>\n<tr>\n<td class=\"Day\">En lieu du Nouvel An <span class=\"StatHoliday\">*<\/span><\/td>\n<td class=\"Date\">Jeudi, Janvier 1, 2026<\/td>\n<\/tr>\n<tr>\n<td class=\"Day\">Jour Familial\u00a0<span class=\"StatHoliday\">*<\/span><\/td>\n<td class=\"Date\">Lundi, F\u00e9vrier 16, 2026<\/td>\n<\/tr>\n<tr>\n<td class=\"Day\"><span id=\"result_box\" class=\"short_text\" lang=\"fr\"><span class=\"\">En lieu du Vendredi Saint<\/span><\/span> <span class=\"StatHoliday\">*<\/span><\/td>\n<td class=\"Date\">Lundi, Avril 6, 2026<\/td>\n<\/tr>\n<tr>\n<td class=\"Day\">F\u00eate de Victoria\u00a0<span class=\"StatHoliday\">*<\/span><\/td>\n<td class=\"Date\">Lundi, Mai 18, 2026<\/td>\n<\/tr>\n<tr>\n<td class=\"Day\">La f\u00eate du Canada <span class=\"StatHoliday\">*<\/span><\/td>\n<td class=\"Date\">Mercredi, Juillet 1, 2026<\/td>\n<\/tr>\n<tr>\n<td class=\"Day\">Jour F\u00e9ri\u00e9<\/td>\n<td class=\"Date\">Lundi, Ao\u00fbt 3, 2026<\/td>\n<\/tr>\n<tr>\n<td class=\"Day\">La F\u00eate du Travail\u00a0<span class=\"StatHoliday\">*<\/span><\/td>\n<td class=\"Date\">Lundi, Septembre 7, 2026<\/td>\n<\/tr>\n<tr>\n<td class=\"Day\">Journ\u00e9e nationale de la v\u00e9rit\u00e9 et de la r\u00e9conciliation <span class=\"StatHoliday\">*<\/span><\/td>\n<td class=\"Date\">Mercredi, Septembre 30, 2026<\/td>\n<\/tr>\n<tr>\n<td class=\"Day\">Le jour de l&rsquo;Action de Gr\u00e2ces<span class=\"StatHoliday\">*<\/span><\/td>\n<td class=\"Date\">Lundi, Octobre 12, 2026<\/td>\n<\/tr>\n<tr>\n<td class=\"DayDateSpan\" colspan=\"2\">Vacances de Noel<\/td>\n<\/tr>\n<tr>\n<td class=\"Day Indent\">\u00a0\u00a0\u00a0\u00a0 Jour de Noel <span class=\"StatHoliday\">*<\/span><\/td>\n<td class=\"Date\">Jeudi, D\u00e9cembre 24, 2026<\/td>\n<\/tr>\n<tr>\n<td class=\"Day Indent\">\u00a0\u00a0\u00a0\u00a0 <span id=\"result_box\" class=\"short_text\" lang=\"fr\"><span class=\"\">En lieu du <\/span><\/span>Lendemain de Noel <span class=\"StatHoliday\">*<\/span><\/td>\n<td class=\"Date\">Lundi, D\u00e9cembre 28, 2026<\/td>\n<\/tr>\n<tr>\n<td class=\"Day\">Nouvel An, 2027 <span class=\"StatHoliday\">*<\/span><\/td>\n<td class=\"Date\">Vendredi, Janvier 1, 2027<\/td>\n<\/tr>\n<tr>\n<td class=\"DayDateSpan\" style=\"text-align: right;\" colspan=\"2\"><span class=\"StatHoliday\">*<\/span> Jours F\u00e9ri\u00e9s<\/td>\n<\/tr>\n<\/tbody>\n<\/table>\n\n\n<p><\/p>\n","protected":false},"excerpt":{"rendered":"<p>En lieu du Nouvel An * Jour Familial\u00a0* En lieu du Vendredi Saint * F\u00eate de Victoria\u00a0* La f\u00eate du Canada * Jour F\u00e9ri\u00e9 La F\u00eate du Travail\u00a0* Journ\u00e9e nationale de la v\u00e9rit\u00e9 et de la r\u00e9conciliation * Le jour de l&rsquo;Action de Gr\u00e2ces* Vacances de Noel \u00a0\u00a0\u00a0\u00a0 Jour de Noel * \u00a0\u00a0\u00a0\u00a0 En lieu &hellip; <a href=\"https:\/\/www.adventist.ca\/fr\/ressources\/calendriers\/fermetures\/\">Continued<\/a><\/p>\n","protected":false},"author":1,"featured_media":0,"parent":891,"menu_order":0,"comment_status":"closed","ping_status":"closed","template":"template-simplewide.php","meta":[],"class_list":["post-1389","page","type-page","status-publish","hentry","odd"],"_links":{"self":[{"href":"https:\/\/www.adventist.ca\/fr\/wp-json\/wp\/v2\/pages\/1389","targetHints":{"allow":["GET"]}}],"collection":[{"href":"https:\/\/www.adventist.ca\/fr\/wp-json\/wp\/v2\/pages"}],"about":[{"href":"https:\/\/www.adventist.ca\/fr\/wp-json\/wp\/v2\/types\/page"}],"author":[{"embeddable":true,"href":"https:\/\/www.adventist.ca\/fr\/wp-json\/wp\/v2\/users\/1"}],"replies":[{"embeddable":true,"href":"https:\/\/www.adventist.ca\/fr\/wp-json\/wp\/v2\/comments?post=1389"}],"version-history":[{"count":51,"href":"https:\/\/www.adventist.ca\/fr\/wp-json\/wp\/v2\/pages\/1389\/revisions"}],"predecessor-version":[{"id":19980,"href":"https:\/\/www.adventist.ca\/fr\/wp-json\/wp\/v2\/pages\/1389\/revisions\/19980"}],"up":[{"embeddable":true,"href":"https:\/\/www.adventist.ca\/fr\/wp-json\/wp\/v2\/pages\/891"}],"wp:attachment":[{"href":"https:\/\/www.adventist.ca\/fr\/wp-json\/wp\/v2\/media?parent=1389"}],"curies":[{"name":"wp","href":"https:\/\/api.w.org\/{rel}","templated":true}]}}