{"id":1598,"date":"2012-10-09T15:56:04","date_gmt":"2012-10-09T19:56:04","guid":{"rendered":"http:\/\/www.adventist.ca\/?page_id=1598"},"modified":"2025-05-29T09:14:23","modified_gmt":"2025-05-29T13:14:23","slug":"fonds-demprunt","status":"publish","type":"page","link":"https:\/\/www.adventist.ca\/fr\/services\/tresorerie\/fonds-demprunt\/","title":{"rendered":"Fonds d\u2019Emprunt"},"content":{"rendered":"\n<h4 class=\"wp-block-heading\"><strong>D\u2019abord, qu\u2019est-ce que le Fonds renouvelable?<\/strong><\/h4>\n\n\n\n<p>G\u00e9r\u00e9 par l\u2019\u00c9glise adventiste du septi\u00e8me jour au Canada, le Fonds renouvelable sert \u00e0 octroyer des pr\u00eats aux \u00e9glises, aux \u00e9coles et aux autres \u00e9tablissements adventistes du septi\u00e8me jour de notre territoire dans le but de leur offrir de l\u2019aide financi\u00e8re pour des projets immobiliers.<\/p>\n\n\n\n<h4 class=\"wp-block-heading\"><strong>Quand et pourquoi le Fonds renouvelable a-t-il \u00e9t\u00e9 \u00e9tabli?<\/strong><\/h4>\n\n\n\n<p>C\u2019est en 1992 que le bureau de l\u2019\u00c9glise adventiste du septi\u00e8me jour au Canada a cr\u00e9\u00e9 le Fonds renouvelable dans le but d\u2019aider les \u00e9glises et les \u00e9coles \u00e0 financer leurs projets de b\u00e2timent en leur offrant des pr\u00eats \u00e0 faibles taux d\u2019int\u00e9r\u00eat. Avant cela, ce sont les f\u00e9d\u00e9rations qui s\u2019en occupaient.<\/p>\n\n\n\n<h4 class=\"wp-block-heading\"><strong>Quelle est la principale source du Fonds?<\/strong><\/h4>\n\n\n\n<p>L\u2019argent y est d\u00e9pos\u00e9 sous un accord de fiducie de bienfaisance par des membres et des \u00e9tablissements de l\u2019\u00c9glise adventiste du septi\u00e8me jour au Canada.<\/p>\n\n\n\n<h4 class=\"wp-block-heading\"><strong>Qui peut utiliser ce service, d\u00e9poser de l\u2019argent dans le Fonds et y faire des emprunts?<\/strong><\/h4>\n\n\n\n<p>Les membres et les \u00e9tablissements de l\u2019\u00c9glise adventiste du septi\u00e8me jour au Canada peuvent d\u00e9poser de l\u2019argent dans le Fonds renouvelable alors que ce sont les \u00e9glises, les \u00e9coles et les autres \u00e9tablissements de l\u2019\u00c9glise adventiste du septi\u00e8me jour au Canada qui peuvent emprunter du Fonds renouvelable.<\/p>\n\n\n\n<h4 class=\"wp-block-heading\"><strong>Combien y a-t-il de d\u00e9posants et de pr\u00eats?<\/strong><\/h4>\n\n\n\n<p>Au 31 d\u00e9cembre 2019, il y avait 394 d\u00e9posants et 92 emprunteurs.<\/p>\n\n\n\n<h4 class=\"wp-block-heading\"><strong>Refusez-vous parfois des gens qui voudraient y faire un d\u00e9p\u00f4t?<\/strong><\/h4>\n\n\n\n<p>Oui, il arrive que nous refusions des d\u00e9p\u00f4ts, et ce pour les raisons suivantes&nbsp;:<\/p>\n\n\n\n<ol class=\"wp-block-list\">\n<li>Le d\u00e9posant n\u2019est pas un membre de l\u2019\u00c9glise adventiste du septi\u00e8me jour au Canada.<\/li>\n\n\n\n<li>Le d\u00e9posant compte reprendre son argent rapidement (apr\u00e8s moins de cinq ans). L\u2019argent est pr\u00eat\u00e9 aux \u00e9glises, aux \u00e9coles et aux autres \u00e9tablissements pour une p\u00e9riode de un \u00e0 quinze ans. Ainsi, les d\u00e9p\u00f4ts doivent \u00eatre gard\u00e9s pour une plus longue p\u00e9riode afin que des fonds soient disponibles pour des pr\u00eats \u00e0 nos \u00e9glises, \u00e9coles et autres \u00e9tablissements.<\/li>\n\n\n\n<li>En cas de surplus de d\u00e9p\u00f4ts. Nous gelons parfois l\u2019acceptation de fonds lorsqu\u2019il y a un surplus, jusqu\u2019\u00e0 ce que des emprunts soient demand\u00e9s par des \u00e9glises, des \u00e9coles ou d\u2019autres \u00e9tablissements.<\/li>\n\n\n\n<li>Le d\u00e9posant d\u00e9sire investir son argent dans un CPG (certificat de placement garanti) ou un autre type de placement. Le Fonds renouvelable n\u2019est pas une banque ni une compagnie d\u2019investissement; nous n\u2019offrons aucun type de placement.<\/li>\n<\/ol>\n\n\n\n<h4 class=\"wp-block-heading\"><strong>Quel est le taux d\u2019int\u00e9r\u00eat offert aux d\u00e9posants?<\/strong><\/h4>\n\n\n\n<p>Depuis 2009, nous avons retourn\u00e9 aux d\u00e9posants un taux d\u2019int\u00e9r\u00eat de 2,0&nbsp;%, quel que soit le montant de leur d\u00e9p\u00f4t.<\/p>\n\n\n\n<h4 class=\"wp-block-heading\"><strong>Et quel est le taux demand\u00e9 aux \u00e9glises et aux \u00e9coles?<\/strong><\/h4>\n\n\n\n<p>Depuis 2009, les pr\u00eats sont accord\u00e9s \u00e0 un taux d\u2019int\u00e9r\u00eat de 3,75&nbsp;%.<\/p>\n\n\n\n<h4 class=\"wp-block-heading\"><strong>Pourquoi y a-t-il une diff\u00e9rence entre le taux d\u2019int\u00e9r\u00eat pay\u00e9 et le montant re\u00e7u par les d\u00e9posants? Que faites-vous avec la diff\u00e9rence?<\/strong><\/h4>\n\n\n\n<p>La diff\u00e9rence de taux sert \u00e0 compenser les int\u00e9r\u00eats que nous payons aux d\u00e9posants pendant que les fonds ne sont pas utilis\u00e9s pour des pr\u00eats. \u00c0 la fin de l\u2019ann\u00e9e, l\u2019exc\u00e9dent des int\u00e9r\u00eats est divis\u00e9 entre les f\u00e9d\u00e9rations selon le nombre de d\u00e9posants de chacune dans le Fonds renouvelable.<\/p>\n\n\n\n<h4 class=\"wp-block-heading\"><strong>Quand et comment les int\u00e9r\u00eats sont-ils pay\u00e9s?<\/strong><\/h4>\n\n\n\n<p>Les int\u00e9r\u00eats sont calcul\u00e9s mensuellement et pay\u00e9s aux d\u00e9posants deux fois par ann\u00e9e, soit le 30 juin et le 31 d\u00e9cembre. Si d\u00e9sir\u00e9, les int\u00e9r\u00eats peuvent \u00eatre cr\u00e9dit\u00e9s au compte et ajout\u00e9s au montant de base aux dates susmentionn\u00e9es.<\/p>\n\n\n\n<h4 class=\"wp-block-heading\"><strong>Les Canadiens qui vivent \u00e0 l\u2019\u00e9tranger peuvent-ils d\u00e9poser de l\u2019argent dans le Fonds renouvelable?<\/strong><\/h4>\n\n\n\n<p>S\u2019ils sont toujours membres de l\u2019\u00c9glise adventiste du septi\u00e8me jour au Canada et avaient d\u00e9j\u00e0 un compte avant de quitter le Canada, alors ils peuvent conserver leur argent dans le Fonds renouvelable.<\/p>\n\n\n\n<h4 class=\"wp-block-heading\"><strong>Les d\u00e9posants peuvent-ils faire des d\u00e9p\u00f4ts mensuels dans leur compte du Fonds renouvelable?<\/strong><\/h4>\n\n\n\n<p>Les d\u00e9p\u00f4ts forfaitaires sont pr\u00e9f\u00e9rables pour y assurer le maintien et la disponibilit\u00e9 des fonds pour les \u00e9coles, les \u00e9glises et les autres \u00e9tablissements adventistes dans le besoin.<\/p>\n\n\n\n<h4 class=\"wp-block-heading\"><strong>Les d\u00e9p\u00f4ts dans le Fonds renouvelable sont-ils assur\u00e9s?<\/strong><\/h4>\n\n\n\n<p>Ils ne sont pas assur\u00e9s par une agence gouvernementale. Par contre, des r\u00e9serves ont \u00e9t\u00e9 plac\u00e9es dans le Fonds par les f\u00e9d\u00e9rations locales selon les politiques de la Conf\u00e9rence g\u00e9n\u00e9rale, prot\u00e9geant ainsi les d\u00e9posants de pertes quelconques.<\/p>\n\n\n\n<h3 class=\"wp-block-heading\">Renseignements additionnels&nbsp;:<\/h3>\n\n\n\n<h4 class=\"wp-block-heading\"><strong>Conditions de d\u00e9p\u00f4t.<\/strong><\/h4>\n\n\n\n<p>Tous les d\u00e9p\u00f4ts sont sujets \u00e0 l\u2019Accord de fiducie et peuvent \u00eatre retourn\u00e9s au d\u00e9posant \u00e0 sa demande, mais nous demandons un avis de 30 jours. En cas d\u2019urgence, le d\u00e9p\u00f4t peut toutefois \u00eatre retourn\u00e9 d\u00e8s la r\u00e9ception d\u2019une demande \u00e9crite. Lorsqu\u2019un nouveau d\u00e9p\u00f4t est re\u00e7u, un formulaire d\u2019entente est envoy\u00e9 sur lequel sont indiqu\u00e9s le montant, les conditions de d\u00e9p\u00f4t ainsi que le taux d\u2019int\u00e9r\u00eat.<\/p>\n\n\n\n<h4 class=\"wp-block-heading\"><strong>En cas de d\u00e9c\u00e8s, qui doit avertir l\u2019\u00c9glise adventiste du septi\u00e8me jour au Canada?<\/strong><\/h4>\n\n\n\n<p>L\u2019argent se trouvant dans le Fonds renouvelable devient une partie de la succession du d\u00e9posant d\u00e9c\u00e9d\u00e9. L\u2019ex\u00e9cuteur testamentaire du d\u00e9posant doit nous informer en nous soumettant une copie du certificat de d\u00e9c\u00e8s et de l\u2019acte de derni\u00e8re volont\u00e9.<\/p>\n\n\n\n<h4 class=\"wp-block-heading\"><strong>Les points suivants constituent des fa\u00e7ons r\u00e9elles dont les entit\u00e9s de l\u2019\u00c9glise ont b\u00e9n\u00e9fici\u00e9 du Fonds renouvelable&nbsp;:<\/strong><\/h4>\n\n\n\n<ol class=\"wp-block-list\">\n<li>\u00c9tant donn\u00e9 le taux d\u2019int\u00e9r\u00eat plus faible que ceux des banques, les \u00e9glises sont parfois en mesure d\u2019effectuer des paiements forfaitaires additionnels sur leur pr\u00eat et ainsi le rembourser plus rapidement que pr\u00e9vu. Une \u00e9glise \u00e0 laquelle on avait accord\u00e9 un pr\u00eat de cinq ans a r\u00e9ussi \u00e0 le rembourser en moins d\u2019une ann\u00e9e.<\/li>\n\n\n\n<li>Certaines \u00e9glises n\u2019ont pas les moyens de payer leur pr\u00eat \u00e0 la banque \u00e0 cause des taux d\u2019int\u00e9r\u00eat trop \u00e9lev\u00e9s et des courts d\u00e9lais de remboursement. Elles peuvent demander un pr\u00eat du Fonds renouvelable, qui leur permettra de consolider et d\u2019y transf\u00e9rer leurs pr\u00eats. Elles peuvent ainsi r\u00e9duire leur taux d\u2019int\u00e9r\u00eat et allonger leurs conditions de remboursement, rendant ainsi leur pr\u00eat plus facile \u00e0 g\u00e9rer.<\/li>\n\n\n\n<li>Les \u00e9glises empruntent de l\u2019argent au Fonds renouvelable pour diff\u00e9rents projets immobiliers, comme l\u2019achat d\u2019un terrain et d\u2019un b\u00e2timent, la r\u00e9paration de leur toit ou l\u2019installation d\u2019un ascenseur. Certaines \u00e9glises ont eu des urgences comme le bris d\u2019un appareil de chauffage ou une fuite provenant du toit durant l\u2019hiver. Elles ont besoin d\u2019argent rapidement et nous sommes heureux de leur en pr\u00eater. Elles peuvent ainsi s\u2019occuper du temple de Dieu et poursuivre leurs activit\u00e9s minist\u00e9rielles r\u00e9guli\u00e8res sans interruption.<\/li>\n\n\n\n<li>Certaines \u00e9coles ont emprunt\u00e9 du Fonds renouvelable pour construire de nouvelles salles de classe, r\u00e9parer des toilettes, agrandir leur stationnement et faire d\u2019autres types de r\u00e9novations. Il y a aussi celles qui ont achet\u00e9 une maison ou une propri\u00e9t\u00e9 voisine qui leur donne plusieurs possibilit\u00e9s, comme l\u2019augmentation du nombre d\u2019inscriptions ou l\u2019ajout de niveaux scolaires.<\/li>\n<\/ol>\n\n\n\n<p>Nous louons et remercions Dieu pour nos g\u00e9n\u00e9reux membres qui mettent leur argent et leur confiance dans le Fonds renouvelable afin d\u2019aider nos \u00e9glises, nos \u00e9coles et nos autres \u00e9tablissements dans leurs projets immobiliers. Certains d\u00e9posants m\u2019ont confi\u00e9 qu\u2019ils pr\u00e9f\u00e9raient mettre leur argent dans le Fonds renouvelable plut\u00f4t qu\u2019obtenir un meilleur rendement \u00e0 la banque, parce qu\u2019ils croient \u00e0 la raison d\u2019\u00eatre du Fonds,&nbsp;qui consiste \u00e0 faciliter l\u2019\u0153uvre de l\u2019\u00c9glise. Nous remercions donc tous les d\u00e9posants qui soutiennent le travail de l\u2019\u00c9glise par le Fonds renouvelable.<\/p>\n\n\n\n<h5 class=\"wp-block-heading\">Pour en apprendre davantage ou pour poser d\u2019autres questions, veuillez contacter Girly Quiambao \u00e0 <a href=\"mailto:quiambao.girly@adventist.ca\">quiambao.girly@adventist.ca<\/a>.<\/h5>\n\n\n\n<h5 class=\"wp-block-heading\">S\u2019il vous pla\u00eet appelez au 905-433-0011 et demandez pour Girly Quiambao. Ceci s&rsquo;applique aux d\u00e9posants nouveaux ou existants. Merci.<\/h5>\n\n\n\n<ul class=\"wp-block-list\">\n<li><a href=\"https:\/\/www.adventist.ca\/wp-content\/uploads\/2025\/05\/RevolvingFundApplicationForm_French1.pdf\">Demande de d\u00e9p\u00f4t au fonds renouvelable<\/a><\/li>\n\n\n\n<li><a href=\"https:\/\/www.adventist.ca\/wp-content\/uploads\/2025\/05\/padform_French64.pdf\">Formulaire de pr\u00e9l\u00e8vements pr\u00e9autoris\u00e9s pour le fonds renouvelable<\/a><\/li>\n<\/ul>\n\n\n\n<p><\/p>\n","protected":false},"excerpt":{"rendered":"<p>D\u2019abord, qu\u2019est-ce que le Fonds renouvelable? G\u00e9r\u00e9 par l\u2019\u00c9glise adventiste du septi\u00e8me jour au Canada, le Fonds renouvelable sert \u00e0 octroyer des pr\u00eats aux \u00e9glises, aux \u00e9coles et aux autres \u00e9tablissements adventistes du septi\u00e8me jour de notre territoire dans le but de leur offrir de l\u2019aide financi\u00e8re pour des projets immobiliers. Quand et pourquoi le &hellip; <a href=\"https:\/\/www.adventist.ca\/fr\/services\/tresorerie\/fonds-demprunt\/\">Continued<\/a><\/p>\n","protected":false},"author":12,"featured_media":0,"parent":856,"menu_order":0,"comment_status":"closed","ping_status":"closed","template":"","meta":[],"class_list":["post-1598","page","type-page","status-publish","hentry","odd"],"_links":{"self":[{"href":"https:\/\/www.adventist.ca\/fr\/wp-json\/wp\/v2\/pages\/1598","targetHints":{"allow":["GET"]}}],"collection":[{"href":"https:\/\/www.adventist.ca\/fr\/wp-json\/wp\/v2\/pages"}],"about":[{"href":"https:\/\/www.adventist.ca\/fr\/wp-json\/wp\/v2\/types\/page"}],"author":[{"embeddable":true,"href":"https:\/\/www.adventist.ca\/fr\/wp-json\/wp\/v2\/users\/12"}],"replies":[{"embeddable":true,"href":"https:\/\/www.adventist.ca\/fr\/wp-json\/wp\/v2\/comments?post=1598"}],"version-history":[{"count":31,"href":"https:\/\/www.adventist.ca\/fr\/wp-json\/wp\/v2\/pages\/1598\/revisions"}],"predecessor-version":[{"id":19635,"href":"https:\/\/www.adventist.ca\/fr\/wp-json\/wp\/v2\/pages\/1598\/revisions\/19635"}],"up":[{"embeddable":true,"href":"https:\/\/www.adventist.ca\/fr\/wp-json\/wp\/v2\/pages\/856"}],"wp:attachment":[{"href":"https:\/\/www.adventist.ca\/fr\/wp-json\/wp\/v2\/media?parent=1598"}],"curies":[{"name":"wp","href":"https:\/\/api.w.org\/{rel}","templated":true}]}}