{"id":17498,"date":"2019-06-04T10:59:59","date_gmt":"2019-06-04T14:59:59","guid":{"rendered":"https:\/\/www.adventist.ca\/?page_id=17498"},"modified":"2020-03-09T09:47:45","modified_gmt":"2020-03-09T13:47:45","slug":"messengersa","status":"publish","type":"page","link":"https:\/\/www.adventist.ca\/fr\/services\/messenger\/messengersa\/","title":{"rendered":"Canadian Adventist Messenger: South Asian Edition"},"content":{"rendered":"\n<p>Le <em>Messager adventiste du Canada\u00a0: \u00e9dition sud-asiatique<\/em> est un magazine pour des gens de toutes les origines et issus de n\u2019importe quels groupes ethniques qui partagent un amour pour le Christ et qui d\u00e9sirent ardemment lui ressembler. Il n\u2019est pas \u00e9tonnant que la communaut\u00e9 sud-asiatique soit en pleine croissance au Canada, et cette croissance est accompagn\u00e9e d\u2019innombrables occasions de nous m\u00ealer aux autres et de faire preuve d\u2019int\u00e9r\u00eat sinc\u00e8re. Dans ce magazine, vous trouverez des outils et des conseils pour tisser des liens avec vos voisins sud-asiatiques, vous lirez des histoires vraies de personnes sud-asiatiques qui ont adopt\u00e9 la foi adventiste et vous d\u00e9couvrirez les diverses religions et conceptions du monde que l\u2019on retrouve en Asie du Sud ainsi que les fa\u00e7ons dont nos pionniers d\u2019<em>Adventist Mission<\/em> partagent l\u2019amour de J\u00e9sus dans le monde entier. En tant que disciples du Christ, nous avons acc\u00e8s \u00e0 tellement de paix et d\u2019amour qui se doivent d\u2019\u00eatre partag\u00e9s. Et nous avons la mission d\u2019\u00e9tablir des relations sans confrontation. Prions. Cherchons. Tissons des liens.<\/p>\n","protected":false},"excerpt":{"rendered":"<p>Le Messager adventiste du Canada\u00a0: \u00e9dition sud-asiatique est un magazine pour des gens de toutes les origines et issus de n\u2019importe quels groupes ethniques qui partagent un amour pour le Christ et qui d\u00e9sirent ardemment lui ressembler. Il n\u2019est pas \u00e9tonnant que la communaut\u00e9 sud-asiatique soit en pleine croissance au Canada, et cette croissance est &hellip; <a href=\"https:\/\/www.adventist.ca\/fr\/services\/messenger\/messengersa\/\">Continued<\/a><\/p>\n","protected":false},"author":1,"featured_media":0,"parent":978,"menu_order":2,"comment_status":"closed","ping_status":"closed","template":"template-simplewide.php","meta":[],"class_list":["post-17498","page","type-page","status-publish","hentry","odd"],"_links":{"self":[{"href":"https:\/\/www.adventist.ca\/fr\/wp-json\/wp\/v2\/pages\/17498","targetHints":{"allow":["GET"]}}],"collection":[{"href":"https:\/\/www.adventist.ca\/fr\/wp-json\/wp\/v2\/pages"}],"about":[{"href":"https:\/\/www.adventist.ca\/fr\/wp-json\/wp\/v2\/types\/page"}],"author":[{"embeddable":true,"href":"https:\/\/www.adventist.ca\/fr\/wp-json\/wp\/v2\/users\/1"}],"replies":[{"embeddable":true,"href":"https:\/\/www.adventist.ca\/fr\/wp-json\/wp\/v2\/comments?post=17498"}],"version-history":[{"count":6,"href":"https:\/\/www.adventist.ca\/fr\/wp-json\/wp\/v2\/pages\/17498\/revisions"}],"predecessor-version":[{"id":17592,"href":"https:\/\/www.adventist.ca\/fr\/wp-json\/wp\/v2\/pages\/17498\/revisions\/17592"}],"up":[{"embeddable":true,"href":"https:\/\/www.adventist.ca\/fr\/wp-json\/wp\/v2\/pages\/978"}],"wp:attachment":[{"href":"https:\/\/www.adventist.ca\/fr\/wp-json\/wp\/v2\/media?parent=17498"}],"curies":[{"name":"wp","href":"https:\/\/api.w.org\/{rel}","templated":true}]}}