{"id":18770,"date":"2023-04-26T15:35:35","date_gmt":"2023-04-26T19:35:35","guid":{"rendered":"https:\/\/www.adventist.ca\/?page_id=18770"},"modified":"2023-05-24T15:58:24","modified_gmt":"2023-05-24T19:58:24","slug":"silent-whistle-policy","status":"publish","type":"page","link":"https:\/\/www.adventist.ca\/fr\/ressources\/silent-whistle-policy\/","title":{"rendered":"Politique de lancement d&rsquo;alerte anonyme"},"content":{"rendered":"\n<p><strong>Lancement d\u2019alerte anonyme<\/strong><\/p>\n\n\n\n<p>Nous avons tous le droit de travailler dans un environnement agr\u00e9able, mais ce droit vient avec la responsabilit\u00e9 d\u2019agir de mani\u00e8re \u00e9thique et d\u2019avertir les personnes appropri\u00e9es lorsque quelqu\u2019un ne se comporte pas de mani\u00e8re ad\u00e9quate. En travaillant ensemble de la sorte, nous pouvons maintenir un environnement sain et productif.<\/p>\n\n\n\n<p>Le lancement d\u2019alerte anonyme est un outil de signalement confidentiel et anonyme qui permet aux employ\u00e9s de d\u00e9noncer toute infraction, y compris la fraude, les mauvais traitements et les autres types d\u2019inconduite en milieu de travail tout en maintenant un sain environnement de travail.<\/p>\n\n\n\n<p>Si vous \u00eates \u00e0 l\u2019aise de le faire, veuillez exprimer vos pr\u00e9occupations au directeur de votre d\u00e9partement ou \u00e0 un dirigeant de l\u2019\u00c9ASJC. Si nous n\u2019\u00eates pas \u00e0 l\u2019aise, alors veuillez d\u00e9noncer l\u2019infraction de mani\u00e8re anonyme en t\u00e9l\u00e9phonant au 833 706-0062 ou en vous rendant sur le site internet suivant :<a href=\"https:\/\/can01.safelinks.protection.outlook.com\/?url=https%3A%2F%2Fadventist.alertline.com%2Fgcs%2Fwelcome&amp;data=05%7C01%7Cgiguere.rollande%40adventist.ca%7Cbaada0c5e35d4a8d6ea908db46884a0e%7C1e81faa2f0834c1c8a032153fe92a57f%7C0%7C0%7C638181323414921484%7CUnknown%7CTWFpbGZsb3d8eyJWIjoiMC4wLjAwMDAiLCJQIjoiV2luMzIiLCJBTiI6Ik1haWwiLCJXVCI6Mn0%3D%7C3000%7C%7C%7C&amp;sdata=Y%2BmOe3C00eaOtAdhFZTJArkx%2B1lYqLBCrRtY7PlYjDI%3D&amp;reserved=0\"> <\/a><a href=\"https:\/\/can01.safelinks.protection.outlook.com\/?url=https%3A%2F%2Fadventist.alertline.com%2Fgcs%2Fwelcome&amp;data=05%7C01%7Cgiguere.rollande%40adventist.ca%7Cbaada0c5e35d4a8d6ea908db46884a0e%7C1e81faa2f0834c1c8a032153fe92a57f%7C0%7C0%7C638181323414921484%7CUnknown%7CTWFpbGZsb3d8eyJWIjoiMC4wLjAwMDAiLCJQIjoiV2luMzIiLCJBTiI6Ik1haWwiLCJXVCI6Mn0%3D%7C3000%7C%7C%7C&amp;sdata=Y%2BmOe3C00eaOtAdhFZTJArkx%2B1lYqLBCrRtY7PlYjDI%3D&amp;reserved=0\"><strong>adventist.silentwhistle.com<\/strong><\/a> (services pour l\u2019instant offerts en anglais seulement). Pour plus de renseignements, veuillez consulter la section des questions fr\u00e9quemment pos\u00e9es de ce site.<\/p>\n\n\n\n<p>Il est pr\u00e9f\u00e9rable de d\u00e9noncer l\u2019infraction de mani\u00e8re anonyme que de garder l\u2019information pour vous.<\/p>\n\n\n\n<p>Si la situation pr\u00e9sente une menace imm\u00e9diate \u00e0 votre s\u00e9curit\u00e9 ou \u00e0 vos biens, n\u2019utilisez pas cette m\u00e9thode de signalement. Si votre besoin d\u2019assistance est urgent, contactez plut\u00f4t la police.<\/p>\n","protected":false},"excerpt":{"rendered":"<p>Lancement d\u2019alerte anonyme Nous avons tous le droit de travailler dans un environnement agr\u00e9able, mais ce droit vient avec la responsabilit\u00e9 d\u2019agir de mani\u00e8re \u00e9thique et d\u2019avertir les personnes appropri\u00e9es lorsque quelqu\u2019un ne se comporte pas de mani\u00e8re ad\u00e9quate. En travaillant ensemble de la sorte, nous pouvons maintenir un environnement sain et productif. Le lancement &hellip; <a href=\"https:\/\/www.adventist.ca\/fr\/ressources\/silent-whistle-policy\/\">Continued<\/a><\/p>\n","protected":false},"author":9,"featured_media":0,"parent":879,"menu_order":10,"comment_status":"closed","ping_status":"closed","template":"","meta":[],"class_list":["post-18770","page","type-page","status-publish","hentry","odd"],"_links":{"self":[{"href":"https:\/\/www.adventist.ca\/fr\/wp-json\/wp\/v2\/pages\/18770","targetHints":{"allow":["GET"]}}],"collection":[{"href":"https:\/\/www.adventist.ca\/fr\/wp-json\/wp\/v2\/pages"}],"about":[{"href":"https:\/\/www.adventist.ca\/fr\/wp-json\/wp\/v2\/types\/page"}],"author":[{"embeddable":true,"href":"https:\/\/www.adventist.ca\/fr\/wp-json\/wp\/v2\/users\/9"}],"replies":[{"embeddable":true,"href":"https:\/\/www.adventist.ca\/fr\/wp-json\/wp\/v2\/comments?post=18770"}],"version-history":[{"count":10,"href":"https:\/\/www.adventist.ca\/fr\/wp-json\/wp\/v2\/pages\/18770\/revisions"}],"predecessor-version":[{"id":18792,"href":"https:\/\/www.adventist.ca\/fr\/wp-json\/wp\/v2\/pages\/18770\/revisions\/18792"}],"up":[{"embeddable":true,"href":"https:\/\/www.adventist.ca\/fr\/wp-json\/wp\/v2\/pages\/879"}],"wp:attachment":[{"href":"https:\/\/www.adventist.ca\/fr\/wp-json\/wp\/v2\/media?parent=18770"}],"curies":[{"name":"wp","href":"https:\/\/api.w.org\/{rel}","templated":true}]}}