{"id":18796,"date":"2023-09-21T10:38:14","date_gmt":"2023-09-21T14:38:14","guid":{"rendered":"https:\/\/www.adventist.ca\/?page_id=18796"},"modified":"2024-02-05T08:40:21","modified_gmt":"2024-02-05T13:40:21","slug":"porteurs-despoir","status":"publish","type":"page","link":"https:\/\/www.adventist.ca\/fr\/porteurs-despoir\/","title":{"rendered":"Les porteurs d&rsquo;espoir"},"content":{"rendered":"\n<p><strong>Nous avons besoin de <em>vous<\/em> pour rendre <em>l&rsquo;espoir<\/em> possible!<\/strong><\/p>\n\n\n<p>Aidez Hope Channel Canada \u00e0 produire des \u00e9missions qui pourront changer la vie de millions de Canadiens.<\/p>\n\n\n<figure class=\"wp-block-image size-large is-resized\"><a href=\"https:\/\/www.adventist.ca\/wp-content\/uploads\/2023\/09\/Les-porteurs-despoir-logoAoH_french_final-blue-white.png\"><img loading=\"lazy\" decoding=\"async\" width=\"1024\" height=\"268\" src=\"https:\/\/www.adventist.ca\/wp-content\/uploads\/2023\/09\/Les-porteurs-despoir-logoAoH_french_final-blue-white-1024x268.png\" alt=\"\" class=\"wp-image-18946\" style=\"width:420px;height:110px\" srcset=\"https:\/\/www.adventist.ca\/wp-content\/uploads\/2023\/09\/Les-porteurs-despoir-logoAoH_french_final-blue-white-1024x268.png 1024w, https:\/\/www.adventist.ca\/wp-content\/uploads\/2023\/09\/Les-porteurs-despoir-logoAoH_french_final-blue-white-300x79.png 300w, https:\/\/www.adventist.ca\/wp-content\/uploads\/2023\/09\/Les-porteurs-despoir-logoAoH_french_final-blue-white-768x201.png 768w, https:\/\/www.adventist.ca\/wp-content\/uploads\/2023\/09\/Les-porteurs-despoir-logoAoH_french_final-blue-white-1536x402.png 1536w\" sizes=\"auto, (max-width: 1024px) 100vw, 1024px\" \/><\/a><\/figure>\n\n\n\n<details class=\"wp-block-details is-layout-flow wp-block-details-is-layout-flow\"><summary>Devenez un.e porteur.se d&rsquo;espoir aujourd&rsquo;hui!<\/summary>\n<p><em>Les porteurs d\u2019espoir sont des donateurs de Hope Channel Canada d\u00e9termin\u00e9s \u00e0 soutenir la proclamation du message de l&rsquo;\u00e9vangile en cultivant un partenariat continu centr\u00e9 sur cette mission.<\/em><\/p>\n<\/details>\n\n\n\n<h6 class=\"wp-block-heading\">Faisons de la diffusion de l&rsquo;espoir une r\u00e9alit\u00e9!<\/h6>\n\n\n\n<h2 class=\"wp-block-heading\">Fa\u00e7ons de donner<\/h2>\n\n\n\n<p class=\"has-text-color\" style=\"color:#0056a6\"><strong><em>En ligne par PayPal<\/em><\/strong><\/p>\n\n\n\n<form action=\"https:\/\/www.paypal.com\/donate\" method=\"post\" target=\"_blank\">\n<input type=\"hidden\" name=\"hosted_button_id\" value=\"A4R9MAD4JMED6\" \/>\n<input type=\"image\" src=\"https:\/\/www.paypalobjects.com\/fr_CA\/i\/btn\/btn_donateCC_LG.gif\" border=\"0\" name=\"submit\" title=\"PayPal - The safer, easier way to pay online!\" alt=\"Donate with PayPal button\" \/>\n<img loading=\"lazy\" decoding=\"async\" alt=\"\" border=\"0\" src=\"https:\/\/www.paypal.com\/en_CA\/i\/scr\/pixel.gif\" width=\"1\" height=\"1\" \/>\n<\/form>\n\n\n\n<hr class=\"wp-block-separator has-alpha-channel-opacity\"\/>\n\n\n\n<p class=\"has-text-color\" style=\"color:#0056a6\"><strong><em>Par ch\u00e8que<\/em><\/strong><\/p>\n\n\n\n<p>Nous serons reconnaissants de recevoir votre ch\u00e8que \u00e0 l&rsquo;ordre de  \u00ab \u00c9glise adventiste du septi\u00e8me jour au Canada \u00bb  \u00e0 l&rsquo;adresse suivante :<\/p>\n\n\n\n<p><em>Hope Channel Canada<\/em><br>1148 King Street East, Oshawa, ON L1H 1H8<br>Canada<\/p>\n\n\n\n<p><em>(S.V.P., mentionnez Hope Channel Canada dans la ligne &laquo;&nbsp;Pour&nbsp;&raquo;)<\/em><\/p>\n\n\n\n<hr class=\"wp-block-separator has-alpha-channel-opacity\"\/>\n\n\n\n<p class=\"has-text-color\" style=\"color:#0056a6\"><em><strong>Par t\u00e9l\u00e9phone<\/strong><\/em><\/p>\n\n\n\n<p>Veuillez appeler le (905) 433-0011 ou le num\u00e9ro sans frais: (800) 263-7868<\/p>\n\n\n\n<hr class=\"wp-block-separator has-alpha-channel-opacity\"\/>\n\n\n\n<blockquote class=\"wp-block-quote is-layout-flow wp-block-quote-is-layout-flow\" style=\"font-size:16px\">\n<p class=\"has-medium-font-size\">Que chacun donne comme il l&rsquo;a d\u00e9cid\u00e9 dans son c\u0153ur, sans regret ni contrainte, car Dieu aime celui qui donne avec joie.<\/p>\n<cite><br>2 Corinthiens 9:7 (SG21)<\/cite><\/blockquote>\n","protected":false},"excerpt":{"rendered":"<p>Nous avons besoin de vous pour rendre l&rsquo;espoir possible! Aidez Hope Channel Canada \u00e0 produire des \u00e9missions qui pourront changer la vie de millions de Canadiens. Faisons de la diffusion de l&rsquo;espoir une r\u00e9alit\u00e9! Fa\u00e7ons de donner En ligne par PayPal Par ch\u00e8que Nous serons reconnaissants de recevoir votre ch\u00e8que \u00e0 l&rsquo;ordre de \u00ab \u00c9glise &hellip; <a href=\"https:\/\/www.adventist.ca\/fr\/porteurs-despoir\/\">Continued<\/a><\/p>\n","protected":false},"author":1,"featured_media":0,"parent":0,"menu_order":0,"comment_status":"closed","ping_status":"closed","template":"","meta":[],"class_list":["post-18796","page","type-page","status-publish","hentry","odd"],"_links":{"self":[{"href":"https:\/\/www.adventist.ca\/fr\/wp-json\/wp\/v2\/pages\/18796","targetHints":{"allow":["GET"]}}],"collection":[{"href":"https:\/\/www.adventist.ca\/fr\/wp-json\/wp\/v2\/pages"}],"about":[{"href":"https:\/\/www.adventist.ca\/fr\/wp-json\/wp\/v2\/types\/page"}],"author":[{"embeddable":true,"href":"https:\/\/www.adventist.ca\/fr\/wp-json\/wp\/v2\/users\/1"}],"replies":[{"embeddable":true,"href":"https:\/\/www.adventist.ca\/fr\/wp-json\/wp\/v2\/comments?post=18796"}],"version-history":[{"count":80,"href":"https:\/\/www.adventist.ca\/fr\/wp-json\/wp\/v2\/pages\/18796\/revisions"}],"predecessor-version":[{"id":19097,"href":"https:\/\/www.adventist.ca\/fr\/wp-json\/wp\/v2\/pages\/18796\/revisions\/19097"}],"wp:attachment":[{"href":"https:\/\/www.adventist.ca\/fr\/wp-json\/wp\/v2\/media?parent=18796"}],"curies":[{"name":"wp","href":"https:\/\/api.w.org\/{rel}","templated":true}]}}