{"id":19347,"date":"2024-08-29T14:17:04","date_gmt":"2024-08-29T18:17:04","guid":{"rendered":"https:\/\/www.adventist.ca\/pentecost2025can\/"},"modified":"2025-02-03T15:15:53","modified_gmt":"2025-02-03T20:15:53","slug":"pentecost2025can","status":"publish","type":"page","link":"https:\/\/www.adventist.ca\/fr\/pentecost2025can\/","title":{"rendered":"PENTEC\u00d4TE 2025"},"content":{"rendered":"\n<figure class=\"extendedwopts-md-center wp-block-image size-full\"><a href=\"https:\/\/www.adventist.ca\/wp-content\/uploads\/2024\/12\/P25-Site-1.jpg\"><img loading=\"lazy\" decoding=\"async\" width=\"1200\" height=\"750\" src=\"https:\/\/www.adventist.ca\/wp-content\/uploads\/2024\/12\/P25-Site-1.jpg\" alt=\"\" class=\"wp-image-19470\" srcset=\"https:\/\/www.adventist.ca\/wp-content\/uploads\/2024\/12\/P25-Site-1.jpg 1200w, https:\/\/www.adventist.ca\/wp-content\/uploads\/2024\/12\/P25-Site-1-300x188.jpg 300w, https:\/\/www.adventist.ca\/wp-content\/uploads\/2024\/12\/P25-Site-1-1024x640.jpg 1024w, https:\/\/www.adventist.ca\/wp-content\/uploads\/2024\/12\/P25-Site-1-768x480.jpg 768w, https:\/\/www.adventist.ca\/wp-content\/uploads\/2024\/12\/P25-Site-1-800x500.jpg 800w, https:\/\/www.adventist.ca\/wp-content\/uploads\/2024\/12\/P25-Site-1-350x219.jpg 350w, https:\/\/www.adventist.ca\/wp-content\/uploads\/2024\/12\/P25-Site-1-700x438.jpg 700w, https:\/\/www.adventist.ca\/wp-content\/uploads\/2024\/12\/P25-Site-1-1100x688.jpg 1100w\" sizes=\"auto, (max-width: 1200px) 100vw, 1200px\" \/><\/a><\/figure>\n\n\n\n<h3 class=\"wp-block-heading\"><strong>Bienvenue<\/strong><\/h3>\n\n\n\n<p>Bienvenue sur le site canadien de Pentecost 2025 (\u00ab&nbsp;Pentec\u00f4te 2025&nbsp;\u00bb)! Un endroit o\u00f9 vous trouverez des ressources et de l\u2019information concernant l\u2019initiative de la Division nord-am\u00e9ricaine (DNA) ici au Canada.<\/p>\n\n\n\n<h3 class=\"wp-block-heading\"><strong>Qu\u2019est-ce que Pentecost 2025?<\/strong><\/h3>\n\n\n\n<p><em>\u00ab Pentecost 2025 est un mouvement qui invite les adventistes du septi\u00e8me jour d\u2019Am\u00e9rique du Nord \u00e0 organiser collectivement au moins 3 000 \u00e9v\u00e9nements de proclamation au cours de l\u2019ann\u00e9e 2025. Pour soutenir ces initiatives, la Division nord-am\u00e9ricaine s\u2019efforce d\u00e9lib\u00e9r\u00e9ment d\u2019offrir \u00e0 ses membres et ses dirigeants les outils, les connaissances et les ressources n\u00e9cessaires \u00e0 une \u00e9vang\u00e9lisation efficace. Inscrivez-vous d\u00e8s maintenant pour ajouter votre \u00e9v\u00e9nement de proclamation au collectif Pentecost 2025, joignez-vous \u00e0 une communaut\u00e9 de soutien et de partage des ressources d\u2019\u00e9vang\u00e9lisation et, si vous le souhaitez, demandez une aide financi\u00e8re pour faire d\u00e9marrer votre \u00e9v\u00e9nement. \u00bb<\/em><\/p>\n\n\n\n<p><em>\u00ab Si vous n\u2019avez jamais organis\u00e9 d\u2019\u00e9v\u00e9nements \u00e9vang\u00e9liques, c\u2019est le moment ou jamais. Nous cherchons \u00e0 impliquer des novices comme des v\u00e9t\u00e9rans dans la proclamation de l\u2019\u00c9vangile. \u00bb<\/em><\/p>\n\n\n\n<p>Dr. G. Alexander Bryant<br>Pr\u00e9sident de la Division nord-am\u00e9ricaine de l\u2019\u00c9glise adventiste du septi\u00e8me jour<\/p>\n\n\n\n<p>Pour de plus amples renseignements et pour vous inscrire, veuillez consulter le site web officiel (en anglais seulement): <a href=\"https:\/\/pentecost2025.com\/\">https:\/\/pentecost2025.com\/<\/a><\/p>\n\n\n\n<hr class=\"wp-block-separator has-alpha-channel-opacity\"\/>\n\n\n\n<h2 class=\"wp-block-heading\"><strong>Quoi de neuf au Canada?<\/strong><\/h2>\n\n\n\n<h4 class=\"wp-block-heading\"><strong>JOURN\u00c9E DE PRI\u00c8RE <\/strong><\/h4>\n\n\n\n<p>Le 4 janvier sera le premier sabbat de la nouvelle ann\u00e9e, et nous demandons \u00e0 chaque \u00e9glise et \u00e0 chaque membre du Canada de prier pour toutes les initiatives de Pentec\u00f4te 2025 qui se d\u00e9rouleront au Canada.<\/p>\n\n\n\n<p>Cliquez sur le lien ci-dessous pour visionner la Journ\u00e9e Nationale dePri\u00e8re du 28 septembre 2024<\/p>\n\n\n\n<div class=\"extendedwopts-md-right wp-block-media-text has-medium-font-size\" style=\"grid-template-columns:15% auto\"><figure class=\"wp-block-media-text__media\"><a href=\"https:\/\/www.youtube.com\/live\/DZWh7l8uBqg?si=wqquzjRSwDX10KZ2\"><img loading=\"lazy\" decoding=\"async\" width=\"640\" height=\"443\" src=\"https:\/\/www.adventist.ca\/wp-content\/uploads\/2024\/09\/Youtube_logo-1.png\" alt=\"\" class=\"wp-image-19370 size-full\" srcset=\"https:\/\/www.adventist.ca\/wp-content\/uploads\/2024\/09\/Youtube_logo-1.png 640w, https:\/\/www.adventist.ca\/wp-content\/uploads\/2024\/09\/Youtube_logo-1-300x208.png 300w, https:\/\/www.adventist.ca\/wp-content\/uploads\/2024\/09\/Youtube_logo-1-350x242.png 350w\" sizes=\"auto, (max-width: 640px) 100vw, 640px\" \/><\/a><\/figure><div class=\"wp-block-media-text__content\">\n<p class=\"has-text-align-left has-medium-font-size\">Youtube: <a href=\"https:\/\/www.youtube.com\/live\/DZWh7l8uBqg?si=wqquzjRSwDX10KZ2\">https:\/\/www.youtube.com\/live\/DZWh7l8uBqg?si=wqquzjRSwDX10KZ2<\/a><\/p>\n<\/div><\/div>\n\n\n\n<hr class=\"wp-block-separator has-alpha-channel-opacity\"\/>\n\n\n\n<h2 class=\"wp-block-heading\">RESSOURCES<\/h2>\n\n\n\n<ul class=\"wp-block-list\">\n<li>Veuillez visiter ce site pour obtenir des ressources qui vous aideront dans vos efforts<br><a href=\"https:\/\/www.vision300.org\">https:\/\/www.vision300.org<\/a><br><\/li>\n<\/ul>\n","protected":false},"excerpt":{"rendered":"<p>Bienvenue Bienvenue sur le site canadien de Pentecost 2025 (\u00ab&nbsp;Pentec\u00f4te 2025&nbsp;\u00bb)! Un endroit o\u00f9 vous trouverez des ressources et de l\u2019information concernant l\u2019initiative de la Division nord-am\u00e9ricaine (DNA) ici au Canada. Qu\u2019est-ce que Pentecost 2025? \u00ab Pentecost 2025 est un mouvement qui invite les adventistes du septi\u00e8me jour d\u2019Am\u00e9rique du Nord \u00e0 organiser collectivement au &hellip; <a href=\"https:\/\/www.adventist.ca\/fr\/pentecost2025can\/\">Continued<\/a><\/p>\n","protected":false},"author":1,"featured_media":0,"parent":0,"menu_order":0,"comment_status":"closed","ping_status":"closed","template":"template-simplewide.php","meta":[],"class_list":["post-19347","page","type-page","status-publish","hentry","odd"],"_links":{"self":[{"href":"https:\/\/www.adventist.ca\/fr\/wp-json\/wp\/v2\/pages\/19347","targetHints":{"allow":["GET"]}}],"collection":[{"href":"https:\/\/www.adventist.ca\/fr\/wp-json\/wp\/v2\/pages"}],"about":[{"href":"https:\/\/www.adventist.ca\/fr\/wp-json\/wp\/v2\/types\/page"}],"author":[{"embeddable":true,"href":"https:\/\/www.adventist.ca\/fr\/wp-json\/wp\/v2\/users\/1"}],"replies":[{"embeddable":true,"href":"https:\/\/www.adventist.ca\/fr\/wp-json\/wp\/v2\/comments?post=19347"}],"version-history":[{"count":13,"href":"https:\/\/www.adventist.ca\/fr\/wp-json\/wp\/v2\/pages\/19347\/revisions"}],"predecessor-version":[{"id":19528,"href":"https:\/\/www.adventist.ca\/fr\/wp-json\/wp\/v2\/pages\/19347\/revisions\/19528"}],"wp:attachment":[{"href":"https:\/\/www.adventist.ca\/fr\/wp-json\/wp\/v2\/media?parent=19347"}],"curies":[{"name":"wp","href":"https:\/\/api.w.org\/{rel}","templated":true}]}}