{"id":33,"date":"2012-06-19T16:39:49","date_gmt":"2012-06-19T20:39:49","guid":{"rendered":"http:\/\/www.adventist.ca\/?page_id=33"},"modified":"2018-10-18T14:02:40","modified_gmt":"2018-10-18T18:02:40","slug":"a-propos-de-nous","status":"publish","type":"page","link":"https:\/\/www.adventist.ca\/fr\/a-propos-de-nous\/","title":{"rendered":"\u00c0 propos de nous"},"content":{"rendered":"<p>L\u2019\u00c9glise adventiste du septi\u00e8me jour est une confession chr\u00e9tienne protestante qui se distingue par son observation du samedi, le septi\u00e8me jour de la semaine, et par l\u2019accent qu\u2019elle met sur l\u2019imminent second av\u00e8nement de J\u00e9sus Christ. Son d\u00e9sir le plus profond est de proclamer la beaut\u00e9 du caract\u00e8re de Dieu. Les adventistes croient fermement que J\u00e9sus Christ s\u2019est r\u00e9v\u00e9l\u00e9 comme moyen ultime de venir \u00e0 Dieu (voir <a href=\"https:\/\/www.biblegateway.com\/passage\/?search=Jean+14.6&amp;version=LSG\" target=\"_blank\" rel=\"noopener\">Jean\u00a014.6<\/a>).<\/p>\n<p>L\u2019\u00c9glise a 28 croyances fondamentales, de simples descriptions de sa compr\u00e9hension actuelle des enseignements qui se trouvent dans les \u00c9critures.<\/p>\n<p>Les principaux \u00e9l\u00e9ments de ces enseignements adventistes du septi\u00e8me jour peuvent \u00eatre divis\u00e9s selon les grands sujets suivants\u00a0:<\/p>\n<ol>\n<li><strong>Une compr\u00e9hension significative de l\u2019histoire<\/strong><u>.<\/u> La Bible nous pr\u00e9sente l\u2019extraordinaire plan de Dieu et montre le monde de son point de vue d\u2019amour, o\u00f9 le mal n\u2019aura pas le dernier mot.<\/li>\n<\/ol>\n<p style=\"padding-left: 60px;\"><a href=\"https:\/\/www.adventist.org\/fr\/nos-croyances\/le-salut\/la-grande-controverse\/\" target=\"_blank\" rel=\"noopener\">Croyance n<sup>o<\/sup>\u00a08\u00a0: La grande controverse<\/a><\/p>\n<p style=\"padding-left: 60px;\"><a href=\"https:\/\/www.adventist.org\/fr\/nos-croyances\/le-salut\/grandir-en-christ\/\" target=\"_blank\" rel=\"noopener\">Croyance n<sup>o<\/sup>\u00a011\u00a0: La croissance en Christ<\/a><\/p>\n<p style=\"padding-left: 60px;\"><a href=\"https:\/\/www.adventist.org\/fr\/nos-croyances\/leglise\/le-don-de-prophetie\/\" target=\"_blank\" rel=\"noopener\">Croyance n<sup>o<\/sup>\u00a018\u00a0: Le don de proph\u00e9tie<\/a><\/p>\n<ol start=\"2\">\n<li><strong>La puissance divine accessible \u00e0 tous.<\/strong> Voici la beaut\u00e9 et le moyen du salut\u00a0: Dieu donne \u00e0 tous librement et sans restriction. Ainsi, la puissance divine est accessible \u00e0 tous, rendant possibles les changements positifs dans la vie de tous les humains.<\/li>\n<\/ol>\n<p style=\"padding-left: 60px;\"><a href=\"https:\/\/www.adventist.org\/fr\/nos-croyances\/le-salut\/la-vie-la-mort-et-la-resurrection-du-christ\/\" target=\"_blank\" rel=\"noopener\">Croyance n<sup>o<\/sup>\u00a09\u00a0: La mort et la r\u00e9surrection de J\u00e9sus<\/a><\/p>\n<p style=\"padding-left: 60px;\"><a href=\"https:\/\/www.adventist.org\/fr\/nos-croyances\/le-salut\/lexperience-du-salut\/\" target=\"_blank\" rel=\"noopener\">Croyance n<sup>o<\/sup>\u00a010\u00a0: L\u2019exp\u00e9rience du salut<\/a><\/p>\n<p style=\"padding-left: 60px;\"><a href=\"https:\/\/www.adventist.org\/fr\/nos-croyances\/leglise\/le-bapteme\/\" target=\"_blank\" rel=\"noopener\">Croyance n<sup>o<\/sup>\u00a015\u00a0: Le bapt\u00eame<\/a><\/p>\n<p style=\"padding-left: 60px;\"><a href=\"https:\/\/www.adventist.org\/fr\/nos-croyances\/lapocalypse\/le-ministere-du-christ-dans-le-sanctuaire-celeste\/\" target=\"_blank\" rel=\"noopener\">Croyance n<sup>o<\/sup>\u00a024\u00a0: Christ dans le sanctuaire c\u00e9leste<\/a><\/p>\n<ol start=\"3\">\n<li><strong>Un avenir positif. <\/strong>La Bible nous rappelle que Dieu tient ses promesses, que nous verrons J\u00e9sus et que nous jouirons de l\u2019\u00e9ternit\u00e9 en sa pr\u00e9sence.<\/li>\n<\/ol>\n<p style=\"padding-left: 60px;\"><a href=\"https:\/\/www.adventist.org\/fr\/nos-croyances\/lapocalypse\/la-seconde-venue-du-christ\/\" target=\"_blank\" rel=\"noopener\">Croyance n<sup>o<\/sup>\u00a025\u00a0: La seconde venue du Christ<\/a><\/p>\n<p style=\"padding-left: 60px;\"><a href=\"https:\/\/www.adventist.org\/fr\/nos-croyances\/lapocalypse\/mort-et-resurrection\/\" target=\"_blank\" rel=\"noopener\">Croyance n<sup>o<\/sup>\u00a026\u00a0: La mort et la r\u00e9surrection<\/a><\/p>\n<p style=\"padding-left: 60px;\"><a href=\"https:\/\/www.adventist.org\/fr\/nos-croyances\/lapocalypse\/le-millenaire-et-la-fin-du-peche\/\" target=\"_blank\" rel=\"noopener\">Croyance n<sup>o<\/sup>\u00a027\u00a0: Le mill\u00e9naire et la fin du p\u00e9ch\u00e9<\/a><\/p>\n<p style=\"padding-left: 60px;\"><a href=\"https:\/\/www.adventist.org\/fr\/nos-croyances\/lapocalypse\/la-nouvelle-terre\/\" target=\"_blank\" rel=\"noopener\">Croyance n<sup>o<\/sup>\u00a028\u00a0: La nouvelle terre<\/a><\/p>\n<ol start=\"4\">\n<li><strong>De nobles origines.<\/strong> Dans la Bible, nous d\u00e9couvrons nos racines et le fait que le Dieu Tout-Puissant d\u00e9sire nous ramener \u00e0 un \u00e9tat d\u2019harmonie avec son plan initial, afin que son image en nous soit r\u00e9tablie.<\/li>\n<\/ol>\n<p style=\"padding-left: 60px;\"><a href=\"https:\/\/www.adventist.org\/fr\/nos-croyances\/lhumanite\/la-creation\/\" target=\"_blank\" rel=\"noopener\">Croyance n<sup>o<\/sup>\u00a06\u00a0: La cr\u00e9ation<\/a><\/p>\n<p style=\"padding-left: 60px;\"><a href=\"https:\/\/www.adventist.org\/fr\/nos-croyances\/vivre\/le-mariage-et-la-famille\/\" target=\"_blank\" rel=\"noopener\">Croyance n<sup>o<\/sup>\u00a023\u00a0: Le mariage et la famille<\/a><\/p>\n<ol start=\"5\">\n<li><strong>Vivre en harmonie.<\/strong> Dieu nous appelle \u00e0 vivre en \u00e9quilibre et en harmonie avec lui, avec les autres et avec l\u2019univers. Voil\u00e0 pourquoi le <em>repos<\/em> constitue une valeur essentielle pour les adventistes du septi\u00e8me jour. Ils apprennent l\u2019art de vivre d\u2019apr\u00e8s le rythme divin, \u00e0 reconna\u00eetre que les meilleures solutions pour tous les aspects de la vie humaine r\u00e9sident en Dieu.<\/li>\n<\/ol>\n<p style=\"padding-left: 60px;\"><a href=\"https:\/\/www.adventist.org\/fr\/nos-croyances\/lhumanite\/la-nature-de-lhomme\/\" target=\"_blank\" rel=\"noopener\">Croyance n<sup>o<\/sup>\u00a07\u00a0: La nature de l\u2019humanit\u00e9<\/a><\/p>\n<p style=\"padding-left: 60px;\"><a href=\"https:\/\/www.adventist.org\/fr\/nos-croyances\/vivre\/le-sabbat\/\" target=\"_blank\" rel=\"noopener\">Croyance n<sup>o<\/sup>\u00a020\u00a0: Le sabbat<\/a><\/p>\n<p style=\"padding-left: 60px;\"><a href=\"https:\/\/www.adventist.org\/fr\/nos-croyances\/vivre\/le-comportement-chretien\/\" target=\"_blank\" rel=\"noopener\">Croyance n<sup>o<\/sup>\u00a022\u00a0: Le comportement chr\u00e9tien<\/a><\/p>\n<ol start=\"6\">\n<li><strong>Une camaraderie authentique.<\/strong> Les adventistes r\u00eavent de promouvoir une unit\u00e9 authentique en J\u00e9sus Christ. La vie \u00e0 l\u2019\u00e9glise devrait \u00eatre un avant-go\u00fbt du ciel, o\u00f9 l\u2019\u00e9galit\u00e9, l\u2019\u00e9quit\u00e9, la justice et la transparence donnent \u00e0 la communaut\u00e9 de croyants les moyens de partager l\u2019amour de Dieu.<\/li>\n<\/ol>\n<p style=\"padding-left: 60px;\"><a href=\"https:\/\/www.adventist.org\/fr\/nos-croyances\/leglise\/leglise\/\" target=\"_blank\" rel=\"noopener\">Croyance n<sup>o<\/sup>\u00a012\u00a0: L\u2019\u00c9glise<\/a><\/p>\n<p style=\"padding-left: 60px;\"><a href=\"https:\/\/www.adventist.org\/fr\/nos-croyances\/leglise\/leglise-du-reste-et-sa-mission\/\" target=\"_blank\" rel=\"noopener\">Croyance n<sup>o<\/sup>\u00a013\u00a0: Le reste<\/a><\/p>\n<p style=\"padding-left: 60px;\"><a href=\"https:\/\/www.adventist.org\/fr\/nos-croyances\/leglise\/lunite-au-sein-du-corps-du-christ\/\" target=\"_blank\" rel=\"noopener\">Croyance n<sup>o<\/sup>\u00a014\u00a0: L\u2019unit\u00e9 au sein du corps de Christ<\/a><\/p>\n<p style=\"padding-left: 60px;\"><a href=\"https:\/\/www.adventist.org\/fr\/nos-croyances\/leglise\/la-sainte-cene\/\" target=\"_blank\" rel=\"noopener\">Croyance n<sup>o<\/sup>\u00a016\u00a0: La sainte C\u00e8ne<\/a><\/p>\n<p style=\"padding-left: 60px;\"><a href=\"https:\/\/www.adventist.org\/fr\/nos-croyances\/leglise\/dons-spirituels-et-ministeres\/\" target=\"_blank\" rel=\"noopener\">Croyance n<sup>o<\/sup>\u00a017\u00a0: Les dons spirituels<\/a><\/p>\n<ol start=\"7\">\n<li><strong>Les valeurs divines.<\/strong> La Bible nous offre d\u2019innombrables le\u00e7ons pour vivre de mani\u00e8re abondante, saine et inspirante. L\u2019observation des Dix Commandements n\u2019est pas un but \u00e0 atteindre, mais plut\u00f4t l\u2019expression de l\u2019amour de Dieu au d\u00e9cuple. Sa puissance remplit l\u2019esprit humain de sa gr\u00e2ce en \u00e9crivant sur notre c\u0153ur sa loi d\u2019amour, nous permettant de vivre en harmonie avec tout l\u2019univers.<\/li>\n<\/ol>\n<p style=\"padding-left: 60px;\"><a href=\"https:\/\/www.adventist.org\/fr\/nos-croyances\/dieu\/les-saintes-ecritures\/\" target=\"_blank\" rel=\"noopener\">Croyance n<sup>o<\/sup>\u00a01\u00a0: Les saintes \u00c9critures<\/a><\/p>\n<p style=\"padding-left: 60px;\"><a href=\"https:\/\/www.adventist.org\/fr\/nos-croyances\/vivre\/la-loi-de-dieu\/\" target=\"_blank\" rel=\"noopener\">Croyance n<sup>o<\/sup>\u00a019\u00a0: La loi de Dieu<\/a><\/p>\n<p style=\"padding-left: 60px;\"><a href=\"https:\/\/www.adventist.org\/fr\/nos-croyances\/vivre\/lintendance\/\" target=\"_blank\" rel=\"noopener\">Croyance n<sup>o<\/sup>\u00a021\u00a0: L\u2019\u00e9conomat<\/a><\/p>\n<p>Entre 1831 et 1844, William Miller, un pr\u00e9dicateur baptiste am\u00e9ricain, a cr\u00e9\u00e9 le \u00ab\u00a0grand r\u00e9veil du second av\u00e8nement\u00a0\u00bb, qui a fini par rejoindre la majeure partie du monde chr\u00e9tien. D\u2019apr\u00e8s son interpr\u00e9tation de Daniel\u00a08.14, il croyait fermement que J\u00e9sus reviendrait en 1844. Par contre, le 22 octobre de cette ann\u00e9e-l\u00e0, il est devenu \u00e9vident que son interpr\u00e9tation du verset n\u2019\u00e9tait pas la bonne. Un groupe d\u2019adeptes de sa th\u00e9orie ont tout de m\u00eame continu\u00e9 d\u2019\u00e9tudier la Bible pour y d\u00e9couvrir la v\u00e9rit\u00e9 pour leur \u00e9poque. Ils ont compris que la proph\u00e9tie de Daniel\u00a08.14 renvoyait principalement au d\u00e9but de la p\u00e9riode du jugement, mais ils ont aussi conclu avec grande conviction que la date du retour de J\u00e9sus demeurerait inconnue jusqu\u2019\u00e0 la fin.<\/p>\n<p>Ainsi, la th\u00e9ologie adventiste portant sur les temps de la fin n\u2019est pas pouss\u00e9e par des sp\u00e9culations sur les \u00e9v\u00e9nements des derniers jours, mais plut\u00f4t sur la proclamation de la bienheureuse esp\u00e9rance en J\u00e9sus Christ.<\/p>\n<p>L\u2019\u00c9glise adventiste du septi\u00e8me jour au Canada (\u00c9ASJC) joue un r\u00f4le cl\u00e9 dans la gouvernance et la direction des \u00e9glises adventistes du septi\u00e8me jour locales et soutient les \u00e9coles et les f\u00e9d\u00e9rations adventistes partout au pays. \u00c0 travers ses diff\u00e9rents d\u00e9partements, elle offre toute une gamme de services aux employ\u00e9s actuels et retrait\u00e9s de l\u2019\u00c9glise, comme des prestations de maladie, des conseils juridiques, de la planification de dons, des services de fiducie et un r\u00e9gime de retraite. De plus, l\u2019\u00c9ASJC est heureuse de soutenir des minist\u00e8res comme ceux qui \u0153uvrent aupr\u00e8s des Premi\u00e8res Nations et des personnes issues de religions sud-asiatiques. Elle est \u00e9galement le si\u00e8ge social du <em>Messager adventiste du Canada<\/em>, le magazine qui publie des nouvelles des \u00e9glises du Canada ainsi que des articles choisis pour inspirer, informer et encourager ses lecteurs.<\/p>\n<p>Le bureau de l\u2019\u00c9ASJC, situ\u00e9 \u00e0 Oshawa, r\u00e9sume le r\u00f4le premier de l\u2019\u00c9glise dans l\u2019\u00e9nonc\u00e9 suivant\u00a0: proclamer le Christ, prendre soin des croyants et servir l\u2019humanit\u00e9.<\/p>\n","protected":false},"excerpt":{"rendered":"<p>L\u2019\u00c9glise adventiste du septi\u00e8me jour est une confession chr\u00e9tienne protestante qui se distingue par son observation du samedi, le septi\u00e8me jour de la semaine, et par l\u2019accent qu\u2019elle met sur l\u2019imminent second av\u00e8nement de J\u00e9sus Christ. Son d\u00e9sir le plus profond est de proclamer la beaut\u00e9 du caract\u00e8re de Dieu. Les adventistes croient fermement que &hellip; <a href=\"https:\/\/www.adventist.ca\/fr\/a-propos-de-nous\/\">Continued<\/a><\/p>\n","protected":false},"author":1,"featured_media":0,"parent":0,"menu_order":2,"comment_status":"closed","ping_status":"closed","template":"template-core.php","meta":[],"class_list":["post-33","page","type-page","status-publish","hentry","odd"],"_links":{"self":[{"href":"https:\/\/www.adventist.ca\/fr\/wp-json\/wp\/v2\/pages\/33","targetHints":{"allow":["GET"]}}],"collection":[{"href":"https:\/\/www.adventist.ca\/fr\/wp-json\/wp\/v2\/pages"}],"about":[{"href":"https:\/\/www.adventist.ca\/fr\/wp-json\/wp\/v2\/types\/page"}],"author":[{"embeddable":true,"href":"https:\/\/www.adventist.ca\/fr\/wp-json\/wp\/v2\/users\/1"}],"replies":[{"embeddable":true,"href":"https:\/\/www.adventist.ca\/fr\/wp-json\/wp\/v2\/comments?post=33"}],"version-history":[{"count":23,"href":"https:\/\/www.adventist.ca\/fr\/wp-json\/wp\/v2\/pages\/33\/revisions"}],"predecessor-version":[{"id":17181,"href":"https:\/\/www.adventist.ca\/fr\/wp-json\/wp\/v2\/pages\/33\/revisions\/17181"}],"wp:attachment":[{"href":"https:\/\/www.adventist.ca\/fr\/wp-json\/wp\/v2\/media?parent=33"}],"curies":[{"name":"wp","href":"https:\/\/api.w.org\/{rel}","templated":true}]}}