{"id":3597,"date":"2014-06-26T13:13:16","date_gmt":"2014-06-26T17:13:16","guid":{"rendered":"http:\/\/www.adventist.ca\/?page_id=3597"},"modified":"2018-07-26T17:19:15","modified_gmt":"2018-07-26T21:19:15","slug":"politiques","status":"publish","type":"page","link":"https:\/\/www.adventist.ca\/fr\/services\/tresorerie\/politiques\/","title":{"rendered":"Politiques"},"content":{"rendered":"<h4>Acc\u00e8s aux services standards d\u2019accessibilit\u00e9 de l\u2019Ontario<\/h4>\n<ul>\n<li><a href=\"https:\/\/www.adventist.ca\/wp-content\/uploads\/2014\/06\/La-politique-concernant-l-accessibilite.pdf\">Acc\u00e8s aux politiques de l\u2019\u00c9glise adventiste du septi\u00e8me jour du Canada des services standards d\u2019accessibilit\u00e9 de l\u2019Ontario. <\/a><\/li>\n<\/ul>\n<p>Les clients qui d\u00e9sirent exprimer leurs commentaires au sujet de la qualit\u00e9 des services (mobilit\u00e9 r\u00e9duite) offerts par l\u2019\u00c9glise adventiste du septi\u00e8me jour du Canada peuvent nous contacter par t\u00e9l\u00e9phone au (905) 433-0011 ou par courriel <a href=\"mailto:officemanager@adventist.ca\">officemanager@adventist.ca<\/a> .<\/p>\n<p>Tous les commentaires, incluant les plaintes, seront r\u00e9pondus par le directeur dans les dix jours ouvrables.<\/p>\n","protected":false},"excerpt":{"rendered":"<p>Acc\u00e8s aux services standards d\u2019accessibilit\u00e9 de l\u2019Ontario Acc\u00e8s aux politiques de l\u2019\u00c9glise adventiste du septi\u00e8me jour du Canada des services standards d\u2019accessibilit\u00e9 de l\u2019Ontario. Les clients qui d\u00e9sirent exprimer leurs commentaires au sujet de la qualit\u00e9 des services (mobilit\u00e9 r\u00e9duite) offerts par l\u2019\u00c9glise adventiste du septi\u00e8me jour du Canada peuvent nous contacter par t\u00e9l\u00e9phone au &hellip; <a href=\"https:\/\/www.adventist.ca\/fr\/services\/tresorerie\/politiques\/\">Continued<\/a><\/p>\n","protected":false},"author":1,"featured_media":0,"parent":856,"menu_order":10,"comment_status":"closed","ping_status":"closed","template":"","meta":[],"class_list":["post-3597","page","type-page","status-publish","hentry","odd"],"_links":{"self":[{"href":"https:\/\/www.adventist.ca\/fr\/wp-json\/wp\/v2\/pages\/3597","targetHints":{"allow":["GET"]}}],"collection":[{"href":"https:\/\/www.adventist.ca\/fr\/wp-json\/wp\/v2\/pages"}],"about":[{"href":"https:\/\/www.adventist.ca\/fr\/wp-json\/wp\/v2\/types\/page"}],"author":[{"embeddable":true,"href":"https:\/\/www.adventist.ca\/fr\/wp-json\/wp\/v2\/users\/1"}],"replies":[{"embeddable":true,"href":"https:\/\/www.adventist.ca\/fr\/wp-json\/wp\/v2\/comments?post=3597"}],"version-history":[{"count":3,"href":"https:\/\/www.adventist.ca\/fr\/wp-json\/wp\/v2\/pages\/3597\/revisions"}],"predecessor-version":[{"id":12493,"href":"https:\/\/www.adventist.ca\/fr\/wp-json\/wp\/v2\/pages\/3597\/revisions\/12493"}],"up":[{"embeddable":true,"href":"https:\/\/www.adventist.ca\/fr\/wp-json\/wp\/v2\/pages\/856"}],"wp:attachment":[{"href":"https:\/\/www.adventist.ca\/fr\/wp-json\/wp\/v2\/media?parent=3597"}],"curies":[{"name":"wp","href":"https:\/\/api.w.org\/{rel}","templated":true}]}}