{"id":856,"date":"2012-07-18T11:08:03","date_gmt":"2012-07-18T15:08:03","guid":{"rendered":"http:\/\/www.adventist.ca\/?page_id=856"},"modified":"2018-07-30T10:16:59","modified_gmt":"2018-07-30T14:16:59","slug":"tresorerie","status":"publish","type":"page","link":"https:\/\/www.adventist.ca\/fr\/services\/tresorerie\/","title":{"rendered":"Tr\u00e9sorerie"},"content":{"rendered":"<div class='EmpList text'><div class='EmpPicture'><img src='https:\/\/www.adventist.ca\/wp-content\/plugins\/sdacc_functions\/\/emp\/pictures\/emp82.jpg' height='200' width='160' \/><\/div><h4>Tr&eacute;sorier \/ Vice-pr&eacute;sident des finances<\/h4>\n\t\t\t\t\t\t\n\t\t\t\t\t\t<div class='Employee'>Paul Musafili<br\/>Poste 2088<br\/><a href='mailto:musafili.paul@adventist.ca'>musafili.paul@adventist.ca<\/a><\/div><\/div>\n<div class='EmpList text'><div class='EmpNoPicture'>&nbsp;<\/div><h4>Renseignements g&eacute;n&eacute;raux<\/h4>\n\t\t\t\t\t\t\n\t\t\t\t\t\t<div class='Employee'>(905) 433-0011<br\/>(800) 263-7868<br\/><a href='mailto:treasury@adventist.ca'>treasury@adventist.ca<\/a><\/div><\/div>\n<div style='clear:both'><\/div><div class='EmpList text'><div class='EmpNoPicture'>&nbsp;<\/div><h4>Sous-tr&eacute;sori&egrave;re<\/h4>\n\t\t\t\t\t\t\n\t\t\t\t\t\t<div class='Employee'>Rose Jacinto<br\/>Poste 2089<br\/><a href='mailto:jacinto.rose@adventist.ca'>jacinto.rose@adventist.ca<\/a><\/div><\/div>\n<div class='EmpList text'><div class='EmpNoPicture'>&nbsp;<\/div><h4>Tr&eacute;sorier adjoint (Soutien aux logiciels de comptabilit&eacute;)<\/h4>\n\t\t\t\t\t\t\n\t\t\t\t\t\t<div class='Employee'>Sergio Alejandro<br\/>Poste 2079<br\/><a href='mailto:alejandro.sergio@adventist.ca'>alejandro.sergio@adventist.ca<\/a><\/div><\/div>\n<div style='clear:both'><\/div><div class='EmpList text'><div class='EmpNoPicture'>&nbsp;<\/div><h4>Comptable S&eacute;nior (Fonds renouvelable)<\/h4>\n\t\t\t\t\t\t\n\t\t\t\t\t\t<div class='Employee'>Girly Quiambao<br\/>Poste 2097<br\/><a href='mailto:quiambao.girly@adventist.ca'>quiambao.girly@adventist.ca<\/a><\/div><\/div>\n<div class='EmpList text'><div class='EmpNoPicture'>&nbsp;<\/div><h4>Comptable  (Voice of Prophecy Canada - comptes fournisseurs \/ Christian Record Services)<\/h4>\n\t\t\t\t\t\t\n\t\t\t\t\t\t<div class='Employee'>Elizabete Belz<br\/>Poste 2085<br\/><a href='mailto:belz.elizabete@adventist.ca'>belz.elizabete@adventist.ca<\/a><\/div><\/div>\n<div style='clear:both'><\/div><div class='EmpList text'><div class='EmpNoPicture'>&nbsp;<\/div><h4>Comptable (Comptes fournisseurs)<\/h4>\n\t\t\t\t\t\t\n\t\t\t\t\t\t<div class='Employee'>Cindy Maria Bernardo<br\/>Poste 2091<br\/><a href='mailto:bernardo.cindy@adventist.ca'>bernardo.cindy@adventist.ca<\/a><\/div><\/div>\n<div class='EmpList text'><div class='EmpNoPicture'>&nbsp;<\/div><h4>Commis Comptable Principal (Dons et remises \/ Comptes clients)<\/h4>\n\t\t\t\t\t\t\n\t\t\t\t\t\t<div class='Employee'>Donna Swaby<br\/>Poste 2084<br\/><a href='mailto:swaby.donna@adventist.ca'>swaby.donna@adventist.ca<\/a><\/div><\/div>\n<div style='clear:both; height:1px; padding:0px; margin:0px'><\/div>\n\n<hr \/>\n<p><a title=\"Fonds d\u2019Emprunt\" href=\"https:\/\/www.adventist.ca\/fr\/administration\/tresorerie\/fonds-demprunt\/\">Fonds d\u2019Emprunt<\/a><\/p>\n<p>Le Fonds d&rsquo;Emprunt est un fonds administr\u00e9 par l&rsquo;\u00c9glise Adventiste du Septi\u00e8me Jour au Canada. Il est disponible pour des pr\u00eats aux \u00e9glises et \u00e9coles dans son territoire pour le financement des projets de construction. <a title=\"Fonds d\u2019Emprunt\" href=\"https:\/\/www.adventist.ca\/fr\/administration\/tresorerie\/fonds-demprunt\/\">plus&#8230;<\/a><\/p>\n<hr \/>\n<h4>Documents:<\/h4>\n<ul>\n<li><a title=\"Politiques\" href=\"https:\/\/www.adventist.ca\/fr\/administration\/tresorerie\/politiques\/\">Politiques<\/a><\/li>\n<\/ul>\n<hr \/>\n<h4 id='category95'>Video Resources:<\/h4><div class='sdacc_CatDesc'><\/div><ul><li><a href='https:\/\/vimeo.com\/893746130\/27c4093bc4'>Tithe and How It Works<\/a><br\/> <span class='Disclaimer'>(External Link)<\/span><\/li>\n<li><a href='https:\/\/vimeo.com\/user65823768\/frenchcanadian'>La D&icirc;me et son utilisation<\/a><br\/> <span class='Disclaimer'>(External Link)<\/span><\/li>\n<\/ul><h4 id='category64'>Offertory Readings:<\/h4><div class='sdacc_CatDesc'><\/div><ul><li><a href='https:\/\/www.adventist.ca\/wp-content\/plugins\/sdacc_functions\/forms\/deptforms.php?id=747&amp;lang=fr'>Offertory Readings for 2022<\/A><br\/><\/li>\n<li><a href='https:\/\/www.adventist.ca\/wp-content\/plugins\/sdacc_functions\/forms\/deptforms.php?id=697&amp;lang=fr'>Offertory Readings for 2021<\/A><br\/><\/li>\n<li><a href='https:\/\/www.adventist.ca\/wp-content\/plugins\/sdacc_functions\/forms\/deptforms.php?id=643&amp;lang=fr'>Offertory Readings for 2020<\/A><br\/><\/li>\n<li><a href='https:\/\/www.adventist.ca\/wp-content\/plugins\/sdacc_functions\/forms\/deptforms.php?id=588&amp;lang=fr'>Offertory Readings for 2019<\/A><br\/><\/li>\n<li><a href='https:\/\/www.adventist.ca\/wp-content\/plugins\/sdacc_functions\/forms\/deptforms.php?id=511&amp;lang=fr'>Offertory Readings for 2018<\/A><br\/><\/li>\n<\/ul>\n\n<hr \/>\n","protected":false},"excerpt":{"rendered":"<p>Fonds d\u2019Emprunt Le Fonds d&rsquo;Emprunt est un fonds administr\u00e9 par l&rsquo;\u00c9glise Adventiste du Septi\u00e8me Jour au Canada. Il est disponible pour des pr\u00eats aux \u00e9glises et \u00e9coles dans son territoire pour le financement des projets de construction. plus&#8230; Documents: Politiques<\/p>\n","protected":false},"author":12,"featured_media":0,"parent":94,"menu_order":3,"comment_status":"closed","ping_status":"closed","template":"template-simplewide.php","meta":[],"class_list":["post-856","page","type-page","status-publish","hentry","odd"],"_links":{"self":[{"href":"https:\/\/www.adventist.ca\/fr\/wp-json\/wp\/v2\/pages\/856","targetHints":{"allow":["GET"]}}],"collection":[{"href":"https:\/\/www.adventist.ca\/fr\/wp-json\/wp\/v2\/pages"}],"about":[{"href":"https:\/\/www.adventist.ca\/fr\/wp-json\/wp\/v2\/types\/page"}],"author":[{"embeddable":true,"href":"https:\/\/www.adventist.ca\/fr\/wp-json\/wp\/v2\/users\/12"}],"replies":[{"embeddable":true,"href":"https:\/\/www.adventist.ca\/fr\/wp-json\/wp\/v2\/comments?post=856"}],"version-history":[{"count":14,"href":"https:\/\/www.adventist.ca\/fr\/wp-json\/wp\/v2\/pages\/856\/revisions"}],"predecessor-version":[{"id":12497,"href":"https:\/\/www.adventist.ca\/fr\/wp-json\/wp\/v2\/pages\/856\/revisions\/12497"}],"up":[{"embeddable":true,"href":"https:\/\/www.adventist.ca\/fr\/wp-json\/wp\/v2\/pages\/94"}],"wp:attachment":[{"href":"https:\/\/www.adventist.ca\/fr\/wp-json\/wp\/v2\/media?parent=856"}],"curies":[{"name":"wp","href":"https:\/\/api.w.org\/{rel}","templated":true}]}}