{"id":891,"date":"2012-07-18T11:17:14","date_gmt":"2012-07-18T15:17:14","guid":{"rendered":"http:\/\/www.adventist.ca\/?page_id=891"},"modified":"2026-01-06T15:16:58","modified_gmt":"2026-01-06T20:16:58","slug":"calendriers","status":"publish","type":"page","link":"https:\/\/www.adventist.ca\/fr\/ressources\/calendriers\/","title":{"rendered":"Calendriers"},"content":{"rendered":"\n<ul class=\"wp-block-list\">\n<li><a href=\"https:\/\/www.adventist.ca\/wp-content\/uploads\/2026\/01\/SDACC-Calendar-of-Offerings-for-2026.pdf\" target=\"_blank\" rel=\"noreferrer noopener\">2026 Calendar of Offerings<\/a><\/li>\n\n\n\n<li><a href=\"https:\/\/www.adventist.ca\/wp-content\/uploads\/2026\/01\/2026-SDACC-Calendar-of-Offerings-French-Readings.pdf\" target=\"_blank\" rel=\"noreferrer noopener\">2026 Lectures en fran\u00e7ais pour le calendrier des offrandes<\/a><\/li>\n\n\n\n<li><a title=\"NAD Calendrier\" href=\"https:\/\/www.adventsource.org\/as30\/events.calendar.aspx\">NAD Calendrier<\/a> \u2013 Fourni par PlusLine<\/li>\n\n\n\n<li><a title=\"Eglise Adventiste du Septi\u00e8me Jour au Canada Fermeture pour jours f\u00e9ri\u00e9s\" href=\"https:\/\/www.adventist.ca\/fr\/ressources\/calendriers\/fermetures\/\">Fermetures<\/a> &#8211; Fermetures des bureaux de l\u2019\u00c9glise adventiste du septi\u00e8me jour du Canada pour f\u00eates et jours f\u00e9ri\u00e9s<\/li>\n\n\n\n<li><a href=\"https:\/\/www.adventist.ca\/fr\/ressources\/calendriers\/calendrier-devenements-pour-eadsjc\/\" data-type=\"page\" data-id=\"18376\">Calendrier d&rsquo;\u00c9v\u00e8nements pour EADSJC<\/a><\/li>\n<\/ul>\n","protected":false},"excerpt":{"rendered":"","protected":false},"author":1,"featured_media":0,"parent":879,"menu_order":3,"comment_status":"closed","ping_status":"closed","template":"template-simplewide.php","meta":[],"class_list":["post-891","page","type-page","status-publish","hentry","odd"],"_links":{"self":[{"href":"https:\/\/www.adventist.ca\/fr\/wp-json\/wp\/v2\/pages\/891","targetHints":{"allow":["GET"]}}],"collection":[{"href":"https:\/\/www.adventist.ca\/fr\/wp-json\/wp\/v2\/pages"}],"about":[{"href":"https:\/\/www.adventist.ca\/fr\/wp-json\/wp\/v2\/types\/page"}],"author":[{"embeddable":true,"href":"https:\/\/www.adventist.ca\/fr\/wp-json\/wp\/v2\/users\/1"}],"replies":[{"embeddable":true,"href":"https:\/\/www.adventist.ca\/fr\/wp-json\/wp\/v2\/comments?post=891"}],"version-history":[{"count":34,"href":"https:\/\/www.adventist.ca\/fr\/wp-json\/wp\/v2\/pages\/891\/revisions"}],"predecessor-version":[{"id":19995,"href":"https:\/\/www.adventist.ca\/fr\/wp-json\/wp\/v2\/pages\/891\/revisions\/19995"}],"up":[{"embeddable":true,"href":"https:\/\/www.adventist.ca\/fr\/wp-json\/wp\/v2\/pages\/879"}],"wp:attachment":[{"href":"https:\/\/www.adventist.ca\/fr\/wp-json\/wp\/v2\/media?parent=891"}],"curies":[{"name":"wp","href":"https:\/\/api.w.org\/{rel}","templated":true}]}}