{"id":895,"date":"2012-07-18T11:18:12","date_gmt":"2012-07-18T15:18:12","guid":{"rendered":"http:\/\/www.adventist.ca\/?page_id=895"},"modified":"2021-09-28T18:12:14","modified_gmt":"2021-09-28T22:12:14","slug":"liens","status":"publish","type":"page","link":"https:\/\/www.adventist.ca\/fr\/ressources\/liens\/","title":{"rendered":"Liens"},"content":{"rendered":"\n<div class=\"Disclaimer\">Avertissement: Tout lien vers des sites externes fournis doit \u00eatre utilis\u00e9 \u00e0 vos propres risques. L\u2019\u00c9glise adventiste du septi\u00e8me jour du Canada n\u2019endosse ou ne supporte pas n\u00e9cessairement ces sites.<\/div>\n\n\n<div class='sdacc_LinksCol'><h4>&Eacute;glise Adventiste du Septi&egrave;me Jour au Canada<\/h4>\n\t\t\t\t  <ul class='sdacc_LinkList'><li><a href='http:\/\/www.adventist.ca\/fr\/contactez\/federations\/'>F&eacute;d&eacute;rations<\/a><\/li>\n<li><a href='http:\/\/www.adventist.ca\/fr\/contactez\/organisations\/'>Organisations<\/a><\/li>\n<\/ul><h4>Sites web des services<\/h4>\n\t\t\t\t  <ul class='sdacc_LinkList'><li><a href='https:\/\/adventistmessenger.ca\/'>Canadian Adventist Messenger<\/a><\/li>\n<li><a href='https:\/\/www.imsdacc.com\/'>Indigenous Ministries<\/a><\/li>\n<li><a href='http:\/\/education.adventist.ca\/'>Office of Education<\/a><\/li>\n<li><a href='https:\/\/www.willplan.ca\/'>Planned Giving and Trust Services<\/a><\/li>\n<\/ul><h4>Institutions adventistes<\/h4>\n\t\t\t\t  <ul class='sdacc_LinkList'><li><a href='http:\/\/www.adventist.org'>General Conference<\/a><\/li>\n<li><a href='http:\/\/www.nadadventist.org\/'>North American Division<\/a><\/li>\n<\/ul><h4>Unions de la Division nord-am&eacute;ricaine<\/h4>\n\t\t\t\t  <ul class='sdacc_LinkList'><li><a href='http:\/\/www.adventist.ca\/fr\/'>&Eacute;glise Adventiste du Septi&egrave;me Jour au Canada<\/a><\/li>\n<li><a href='https:\/\/atlantic-union.org\/'>Atlantic Union Conference<\/a><\/li>\n<li><a href='http:\/\/www.columbiaunion.org'>Columbia Union Conference<\/a><\/li>\n<li><a href='http:\/\/www.lakeunion.org\/'>Lake Union Conference<\/a><\/li>\n<li><a href='https:\/\/midamericaadventist.org\/'>Mid-America Union Conference<\/a><\/li>\n<li><a href='http:\/\/www.npuc.org'>North Pacific Union Conference<\/a><\/li>\n<li><a href='https:\/\/adventistfaith.com\/'>Pacific Union Conference<\/a><\/li>\n<li><a href='http:\/\/www.southernunion.com\/'>Southern Union Conference<\/a><\/li>\n<li><a href='http:\/\/www.southwesternadventist.org\/'>Southwestern Union Conference<\/a><\/li>\n<\/ul><\/div>\n\t\t\t\t<div class='sdacc_LinksCol'><h4>Ressources adventistes<\/h4>\n\t\t\t\t  <ul class='sdacc_LinkList'><li><a href='https:\/\/www.adventistmission.org\/'>Adventist Mission<\/a><\/li>\n<li><a href='http:\/\/news.adventist.org\/fr\/'>Adventist News Network<\/a><\/li>\n<li><a href='https:\/\/women.adventist.org'>Adventist Women&#039;s Ministries<\/a><\/li>\n<li><a href='https:\/\/www.adventsource.org'>AdventSource<\/a><\/li>\n<li><a href='https:\/\/www.adventistbiblicalresearch.org'>Biblical Research Institute<\/a><\/li>\n<li><a href='http:\/\/www.whiteestate.org\/'>Ellen G. White Estate<\/a><\/li>\n<li><a href='https:\/\/enditnow.org'>EnditNow<\/a><\/li>\n<li><a href='http:\/\/www.eadventist.net\/search\/'>Localisateur d&rsquo;&eacute;glise<\/a><\/li>\n<li><a href='http:\/\/www.adventistyearbook.org\/'>Seventh-day Adventist Yearbook<\/a><\/li>\n<li><a href='https:\/\/www.adventistcommunicator.com\/'>Society of Adventist Communicators<\/a><\/li>\n<\/ul><h4>&Eacute;tudes bibliques<\/h4>\n\t\t\t\t  <ul class='sdacc_LinkList'><li><a href='http:\/\/www.bibleinfo.com\/fr\/'>BibleInfo<\/a><\/li>\n<\/ul><h4>Ressources pour la jeunesse<\/h4>\n\t\t\t\t  <ul class='sdacc_LinkList'><li><a href='https:\/\/cye.org'>Adventist Youth - The Center for Youth Evangelism<\/a><\/li>\n<li><a href='http:\/\/www.adventistyouthministries.org\/'>Adventist Youth Ministries<\/a><\/li>\n<\/ul><\/div>\n                <div class='sdacc_LinksCol'><h4>Medias adventistes<\/h4>\n\t\t\t\t  <ul class='sdacc_LinkList'><li><a href='http:\/\/www.adventistbookcenter.com'>Adventist Book Center<\/a><\/li>\n<li><a href='http:\/\/www.awr.org'>Adventist World Radio<\/a><\/li>\n<li><a href='http:\/\/www.breathoflife.tv\/'>Breath of Life Ministries<\/a><\/li>\n<li><a href='http:\/\/www.hopetv.org\/'>Hope TV<\/a><\/li>\n<li><a href='http:\/\/www.ilestecrit.tv\/'>Il Est &Eacute;crit<\/a><\/li>\n<li><a href='http:\/\/www.itiswritten.com\/'>It Is Written<\/a><\/li>\n<li><a href='http:\/\/www.itiswrittencanada.ca\/'>It Is Written Canada<\/a><\/li>\n<li><a href='https:\/\/lighthousefm.org'>Lighthouse VOAR-FM<\/a><\/li>\n<li><a href='http:\/\/www.pacificpress.com'>Pacific Press Publishing Association<\/a><\/li>\n<li><a href='http:\/\/www.vop.com'>Voice of Prophecy<\/a><\/li>\n<\/ul><h4>Sant&eacute;, d&eacute;veloppement et secours<\/h4>\n\t\t\t\t  <ul class='sdacc_LinkList'><li><a href='http:\/\/www.adra.ca'>ADRA Canada<\/a><\/li>\n<li><a href='http:\/\/adra.org\/'>ADRA International<\/a><\/li>\n<li><a href='http:\/\/www.adventisthealth.ca\/'>Adventist Care Canada<\/a><\/li>\n<\/ul><\/div>\n","protected":false},"excerpt":{"rendered":"<p>Avertissement: Tout lien vers des sites externes fournis doit \u00eatre utilis\u00e9 \u00e0 vos propres risques. L\u2019\u00c9glise adventiste du septi\u00e8me jour du Canada n\u2019endosse ou ne supporte pas n\u00e9cessairement ces sites.<\/p>\n","protected":false},"author":1,"featured_media":0,"parent":879,"menu_order":4,"comment_status":"closed","ping_status":"closed","template":"template-simplewide.php","meta":[],"class_list":["post-895","page","type-page","status-publish","hentry","odd"],"_links":{"self":[{"href":"https:\/\/www.adventist.ca\/fr\/wp-json\/wp\/v2\/pages\/895","targetHints":{"allow":["GET"]}}],"collection":[{"href":"https:\/\/www.adventist.ca\/fr\/wp-json\/wp\/v2\/pages"}],"about":[{"href":"https:\/\/www.adventist.ca\/fr\/wp-json\/wp\/v2\/types\/page"}],"author":[{"embeddable":true,"href":"https:\/\/www.adventist.ca\/fr\/wp-json\/wp\/v2\/users\/1"}],"replies":[{"embeddable":true,"href":"https:\/\/www.adventist.ca\/fr\/wp-json\/wp\/v2\/comments?post=895"}],"version-history":[{"count":24,"href":"https:\/\/www.adventist.ca\/fr\/wp-json\/wp\/v2\/pages\/895\/revisions"}],"predecessor-version":[{"id":18044,"href":"https:\/\/www.adventist.ca\/fr\/wp-json\/wp\/v2\/pages\/895\/revisions\/18044"}],"up":[{"embeddable":true,"href":"https:\/\/www.adventist.ca\/fr\/wp-json\/wp\/v2\/pages\/879"}],"wp:attachment":[{"href":"https:\/\/www.adventist.ca\/fr\/wp-json\/wp\/v2\/media?parent=895"}],"curies":[{"name":"wp","href":"https:\/\/api.w.org\/{rel}","templated":true}]}}