{"id":90,"date":"2012-07-11T17:15:19","date_gmt":"2012-07-11T21:15:19","guid":{"rendered":"http:\/\/www.adventist.ca\/?page_id=90"},"modified":"2023-03-16T15:33:22","modified_gmt":"2023-03-16T19:33:22","slug":"accueil","status":"publish","type":"page","link":"https:\/\/www.adventist.ca\/fr\/","title":{"rendered":"Accueil"},"content":{"rendered":"\n<div class=\"carousel rel\" style=\"padding-bottom: 21px;\"><div class=\"wondercarousellightbox_options\" data-skinsfoldername=\"\"  data-jsfolder=\"https:\/\/www.adventist.ca\/wp-content\/plugins\/wonderplugin-carousel\/engine\/\" style=\"display:none;\"><\/div>\r\n<div class=\"wonderplugincarousel-container\" id=\"wonderplugincarousel-container-2\" style=\"padding: 0px 0px 30px 0px;\"><div class=\"wonderplugincarousel\" id=\"wonderplugincarousel-2\" data-carouselid=\"2\" data-width=\"220\" data-height=\"220\" data-skin=\"flow\" data-donotzoomin=\"false\" data-addpreloading=\"false\" data-multiplebyrow=\"false\" data-showimgtitle=\"false\" data-sameheight=\"true\" data-sameheightresponsive=\"true\" data-fullwidth=\"false\" data-centerimage=\"true\" data-fitimage=\"false\" data-fitcenterimage=\"false\" data-fixaspectratio=\"true\" data-autoplay=\"true\" data-random=\"false\" data-circular=\"true\" data-pauseonmouseover=\"true\" data-continuous=\"true\" data-responsive=\"true\" data-showhoveroverlay=\"false\" data-showhoveroverlayalways=\"false\" data-hidehoveroverlayontouch=\"false\" data-lightboxresponsive=\"true\" data-lightboxshownavigation=\"false\" data-lightboxnogroup=\"false\" data-lightboxshowtitle=\"true\" data-lightboxshowdescription=\"false\" data-lightboxaddsocialmedia=\"false\" data-usescreenquery=\"false\" data-donotinit=\"false\" data-addinitscript=\"false\" data-doshortcodeontext=\"false\" data-lightboxshowsocial=\"false\" data-lightboxshowemail=\"true\" data-lightboxshowfacebook=\"true\" data-lightboxshowtwitter=\"true\" data-lightboxshowpinterest=\"true\" data-lightboxsocialrotateeffect=\"true\" data-donotcircularforless=\"false\" data-deferloading=\"false\" data-enablelazyload=\"false\" data-usebase64=\"true\" data-limitvisibleitemstolength=\"false\" data-hidearrowsandbulletsforonepage=\"false\" data-showfirstlasthalf=\"false\" data-verticalflexheight=\"false\" data-hidebulletssmallscreen=\"false\" data-removeinlinecss=\"true\" data-lightboxinityoutube=\"true\" data-lightboxinitvimeo=\"true\" data-disablecache=\"false\" data-savestatusincookie=\"false\" data-supportjsmacro=\"false\" data-hidecontainerbeforeloaded=\"false\" data-hidecontaineroninit=\"true\" data-lightboximagekeepratio=\"true\" data-showplayvideo=\"true\" data-triggerresize=\"false\" data-lightboxfullscreenmode=\"false\" data-lightboxcloseonoverlay=\"true\" data-lightboxvideohidecontrols=\"false\" data-lightboxautoslide=\"false\" data-lightboxshowtimer=\"true\" data-lightboxshowplaybutton=\"true\" data-lightboxalwaysshownavarrows=\"false\" data-lightboxshowtitleprefix=\"true\" data-preloadingimage=\"loading-0.gif\" data-spacing=\"1\" data-rownumber=\"1\" data-visibleitems=\"3\" data-arrowstyle=\"none\" data-arrowimage=\"arrows-42-60-0.png\" data-arrowwidth=\"42\" data-arrowheight=\"60\" data-navstyle=\"none\" data-navimage=\"bullet-16-16-1.png\" data-navwidth=\"16\" data-navheight=\"16\" data-navspacing=\"8\" data-hoveroverlayimage=\"hoveroverlay-64-64-4.png\" data-lightboxthumbwidth=\"90\" data-lightboxthumbheight=\"60\" data-lightboxthumbtopmargin=\"12\" data-lightboxthumbbottommargin=\"4\" data-lightboxbarheight=\"64\" data-lightboxtitlebottomcss=\"{color:#333; font-size:14px; font-family:Armata,sans-serif,Arial; overflow:hidden; text-align:left;}\" data-lightboxdescriptionbottomcss=\"{color:#333; font-size:12px; font-family:Arial,Helvetica,sans-serif; overflow:hidden; text-align:left; margin:4px 0px 0px; padding: 0px;}\" data-continuousduration=\"8000\" data-autoplaydir=\"left\" data-scrollmode=\"item\" data-interval=\"8000\" data-transitionduration=\"1000\" data-lightboxtitlestyle=\"bottom\" data-lightboximagepercentage=\"75\" data-lightboxdefaultvideovolume=\"1\" data-lightboxoverlaybgcolor=\"#000\" data-lightboxoverlayopacity=\"0.9\" data-lightboxbgcolor=\"#fff\" data-lightboxtitleprefix=\"%NUM \/ %TOTAL\" data-lightboxtitleinsidecss=\"color:#fff; font-size:16px; font-family:Arial,Helvetica,sans-serif; overflow:hidden; text-align:left;\" data-lightboxdescriptioninsidecss=\"color:#fff; font-size:12px; font-family:Arial,Helvetica,sans-serif; overflow:hidden; text-align:left; margin:4px 0px 0px; padding: 0px;\" data-playvideoimage=\"playvideo-64-64-0.png\" data-playvideoimagepos=\"center\" data-imgtitle=\"title\" data-circularlimit=\"3\" data-deferloadingdelay=\"0\" data-firstlasthalfsmallscreen=\"640\" data-hidebulletssmallscreensize=\"480\" data-movemode=\"carousel\" data-moveduration=\"500\" data-ga4account=\"\" data-googleanalyticsaccount=\"\" data-cookiehours=\"24\" data-lightboxsocialposition=\"position:absolute;top:100%;right:0;\" data-lightboxsocialpositionsmallscreen=\"position:absolute;top:100%;right:0;left:0;\" data-lightboxsocialdirection=\"horizontal\" data-lightboxsocialbuttonsize=\"32\" data-lightboxsocialbuttonfontsize=\"18\" data-sameheightmediumscreen=\"769\" data-sameheightmediumheight=\"180\" data-sameheightsmallscreen=\"415\" data-sameheightsmallheight=\"140\" data-triggerresizedelay=\"100\" data-lightboxslideinterval=\"5000\" data-lightboxtimerposition=\"bottom\" data-lightboxtimercolor=\"#dc572e\" data-lightboxtimeropacity=\"1\" data-lightboxbordersize=\"8\" data-lightboxborderradius=\"0\" data-screenquery='{ \"tablet\": { \"screenwidth\": 800, \"visibleitems\": 2 }, \"mobile\": { \"screenwidth\": 480, \"visibleitems\": 1 } }' data-jsfolder=\"https:\/\/www.adventist.ca\/wp-content\/plugins\/wonderplugin-carousel\/engine\/\" style=\"display:none;position:relative;margin:0 auto;width:100%;max-width:660px;\" ><div class=\"amazingcarousel-list-container\" style=\"overflow:hidden;\"><ul class=\"amazingcarousel-list\"><li class=\"amazingcarousel-item\"><div class=\"amazingcarousel-item-container\"><div class=\"amazingcarousel-image\"><a href=\"https:\/\/www.adventist.ca\/Pentecost2025Can\/\"><img decoding=\"async\" class=\"amazingcarousel-image-img\" src=\"https:\/\/www.adventist.ca\/wp-content\/uploads\/2024\/12\/P25-Site-1.jpg\" alt=\"P25 Site\" data-description=\"\" \/><\/a><\/div><\/div><\/li><li class=\"amazingcarousel-item\"><div class=\"amazingcarousel-item-container\"><div class=\"amazingcarousel-image\"><a href=\"https:\/\/adventistmessenger.ca\/news\/seventh-day-adventist-church-in-canada-elects-leadership-for-next-quinquennium\"><img decoding=\"async\" class=\"amazingcarousel-image-img\" src=\"https:\/\/www.adventist.ca\/wp-content\/uploads\/2022\/09\/Main-Session-Session-principale20.png\" alt=\"Main Session - Session principale[20]\" data-description=\"\" \/><\/a><\/div><\/div><\/li><li class=\"amazingcarousel-item\"><div class=\"amazingcarousel-item-container\"><div class=\"amazingcarousel-image\"><a href=\"https:\/\/adventistmessenger.ca\/features\/sdacc-partners-with-canadian-conferences-to-offer-new-burman-university-scholarships-for-first-time-students\"><img decoding=\"async\" class=\"amazingcarousel-image-img\" src=\"https:\/\/www.adventist.ca\/wp-content\/uploads\/2022\/06\/ScienceBuilding.jpg\" alt=\"ScienceBuilding\" data-description=\"\" \/><\/a><\/div><\/div><\/li><li class=\"amazingcarousel-item\"><div class=\"amazingcarousel-item-container\"><div class=\"amazingcarousel-image\"><a href=\"https:\/\/adventistmessenger.ca\/features\/international-camporee\"><img decoding=\"async\" class=\"amazingcarousel-image-img\" src=\"https:\/\/www.adventist.ca\/wp-content\/uploads\/2021\/07\/2024-Camporee.jpg\" alt=\"2024 Camporee\" data-description=\"\" \/><\/a><\/div><\/div><\/li><\/ul><div class=\"amazingcarousel-prev\"><\/div><div class=\"amazingcarousel-next\"><\/div><\/div><div class=\"amazingcarousel-nav\"><\/div><\/div><\/div><script>function wondercarousel_2_appendcss(csscode) {var head=document.head || document.getElementsByTagName(\"head\")[0];var style=document.createElement(\"style\");head.appendChild(style);style.type=\"text\/css\";if (style.styleSheet){style.styleSheet.cssText=csscode;} else {style.appendChild(document.createTextNode(csscode));}};wondercarousel_2_appendcss(\"@import url(https:\/\/fonts.googleapis.com\/css?family=Open+Sans);  #wonderplugincarousel-2 .amazingcarousel-image {\t \tposition: relative; \tpadding: 0px; }  #wonderplugincarousel-2 .amazingcarousel-image img { \tdisplay: block; \twidth: 100%; \tmax-width: 100%; \tborder: 0; \tmargin: 0; \tpadding: 0; \t-moz-border-radius: 0px; \t-webkit-border-radius: 0px; \tborder-radius: 0px; }  #amazingcarousel-container-CAROUSELID { \tmargin: 32px 48px;  }  #wonderplugincarousel-2 .amazingcarousel-list-container {  \tmargin: 16px 0; }   #wonderplugincarousel-2 .amazingcarousel-item-container { \ttext-align: center; \tpadding: 0px; }  #wonderplugincarousel-2 .amazingcarousel-item-container:hover { \topacity: 0.7; \tfilter: alpha(opacity=70); }  #wonderplugincarousel-2 .amazingcarousel-prev { \tleft: 0%; \ttop: 50%; \tmargin-left: 0px; \tmargin-top: -30px; }  #wonderplugincarousel-2 .amazingcarousel-next { \tright: 0%; \ttop: 50%; \tmargin-right: 0px; \tmargin-top: -30px; }  #wonderplugincarousel-2 .amazingcarousel-nav { \tposition: absolute; \twidth: 100%; \ttop: 100%; }  #wonderplugincarousel-2 .amazingcarousel-bullet-wrapper { \tmargin: 4px auto; }  .amazingcarousel-socialmedia-button { \tdisplay: inline-block; \tmargin: 4px; }  .amazingcarousel-socialmedia-button a { \tbox-shadow: none; }  .amazingcarousel-socialmedia-icon { \tdisplay:table-cell; \twidth:32px; \theight:32px; \tfont-size:18px; \tborder-radius:50%; \tcolor:#fff; \tvertical-align:middle; \ttext-align:center; \tcursor:pointer; \tpadding:0; }  .amazingcarousel-socialmedia-rotate { \ttransition: transform .4s ease-in;  }   .amazingcarousel-socialmedia-rotate:hover {  \ttransform: rotate(360deg);  }\");<\/script><\/div>\n\n\n\n<p>Bienvenue sur le site internet de l\u2019\u00c9glise adventiste du septi\u00e8me jour au Canada. Nous existons pour aider les Canadiens \u00e0 comprendre la Bible afin d\u2019y trouver la libert\u00e9, la gu\u00e9rison et l\u2019esp\u00e9rance qui se trouvent en J\u00e9sus.<\/p>\n\n\n\n<p>Nous avons pour minist\u00e8re \u00e9vang\u00e9lique officiel <a href=\"https:\/\/itiswrittencanada.ca\/\">It Is Written<\/a>, qui diffuse \u00e0 la t\u00e9l\u00e9vision, \u00e0 la radio et sur le Web. Le bras humanitaire de l\u2019\u00c9glise adventiste, <a href=\"https:\/\/www.adra.ca\/\">l\u2019Agence de d\u00e9veloppement et de secours adventiste<\/a> (ADRA), apporte de l\u2019aide aux gens dans le besoin dans plus de 130 pays, quelles que soient leur ethnicit\u00e9 et leur affiliation politique ou religieuse. Au Canada, nous chapeautons \u00e9galement 42 \u00e9coles primaires et secondaires ainsi qu\u2019une universit\u00e9, \u00e9tablissements qui font partie d\u2019un r\u00e9seau \u00e9ducatif international de plus de 8&nbsp;500 \u00e9coles de tous les niveaux.<\/p>\n\n\n\n<p>L\u2019\u00c9glise adventiste du septi\u00e8me jour au Canada, fond\u00e9e en 1901, compte quelque 70&nbsp;000 membres et 500 \u00e9glises alors que l\u2019\u00c9glise mondiale comprend plus de 20 millions de membres rassembl\u00e9s en plus de 150&nbsp;000 congr\u00e9gations dans 213 pays.<\/p>\n\n\n\n<p><\/p>\n","protected":false},"excerpt":{"rendered":"<p>Bienvenue sur le site internet de l\u2019\u00c9glise adventiste du septi\u00e8me jour au Canada. Nous existons pour aider les Canadiens \u00e0 comprendre la Bible afin d\u2019y trouver la libert\u00e9, la gu\u00e9rison et l\u2019esp\u00e9rance qui se trouvent en J\u00e9sus. Nous avons pour minist\u00e8re \u00e9vang\u00e9lique officiel It Is Written, qui diffuse \u00e0 la t\u00e9l\u00e9vision, \u00e0 la radio et &hellip; <a href=\"https:\/\/www.adventist.ca\/fr\/\">Continued<\/a><\/p>\n","protected":false},"author":1,"featured_media":0,"parent":0,"menu_order":1,"comment_status":"closed","ping_status":"closed","template":"template-core.php","meta":[],"class_list":["post-90","page","type-page","status-publish","hentry","odd"],"_links":{"self":[{"href":"https:\/\/www.adventist.ca\/fr\/wp-json\/wp\/v2\/pages\/90","targetHints":{"allow":["GET"]}}],"collection":[{"href":"https:\/\/www.adventist.ca\/fr\/wp-json\/wp\/v2\/pages"}],"about":[{"href":"https:\/\/www.adventist.ca\/fr\/wp-json\/wp\/v2\/types\/page"}],"author":[{"embeddable":true,"href":"https:\/\/www.adventist.ca\/fr\/wp-json\/wp\/v2\/users\/1"}],"replies":[{"embeddable":true,"href":"https:\/\/www.adventist.ca\/fr\/wp-json\/wp\/v2\/comments?post=90"}],"version-history":[{"count":72,"href":"https:\/\/www.adventist.ca\/fr\/wp-json\/wp\/v2\/pages\/90\/revisions"}],"predecessor-version":[{"id":18586,"href":"https:\/\/www.adventist.ca\/fr\/wp-json\/wp\/v2\/pages\/90\/revisions\/18586"}],"wp:attachment":[{"href":"https:\/\/www.adventist.ca\/fr\/wp-json\/wp\/v2\/media?parent=90"}],"curies":[{"name":"wp","href":"https:\/\/api.w.org\/{rel}","templated":true}]}}