{"id":918,"date":"2012-07-18T11:29:35","date_gmt":"2012-07-18T15:29:35","guid":{"rendered":"http:\/\/www.adventist.ca\/?page_id=918"},"modified":"2024-06-24T15:14:52","modified_gmt":"2024-06-24T19:14:52","slug":"contactez-nous","status":"publish","type":"page","link":"https:\/\/www.adventist.ca\/fr\/contactez-nous\/","title":{"rendered":"Contactez-nous"},"content":{"rendered":"\n<h4 class=\"wp-block-heading\">Questions ou commentaires?<\/h4>\n\n\n<style id=\"wpforms-css-vars-19217\">\n\t\t\t\t#wpforms-19217 {\n\t\t\t\t\n\t\t\t}\n\t\t\t<\/style><div class=\"wpforms-container wpforms-container-full wpforms-render-modern\" id=\"wpforms-19217\"><form id=\"wpforms-form-19217\" class=\"wpforms-validate wpforms-form wpforms-ajax-form\" data-formid=\"19217\" method=\"post\" enctype=\"multipart\/form-data\" action=\"\/fr\/wp-json\/wp\/v2\/pages\/918\" data-token=\"73deae8a4f77b946bc6c850a2bf14ab1\" data-token-time=\"1777465705\"><noscript class=\"wpforms-error-noscript\">Veuillez activer JavaScript dans votre navigateur pour remplir ce formulaire.<\/noscript><div id=\"wpforms-error-noscript\" style=\"display: none;\">Veuillez activer JavaScript dans votre navigateur pour remplir ce formulaire.<\/div><div class=\"wpforms-field-container\"><div id=\"wpforms-19217-field_0-container\" class=\"wpforms-field wpforms-field-name\" data-field-id=\"0\"><label class=\"wpforms-field-label\" for=\"wpforms-19217-field_0\">Nom  <span class=\"wpforms-required-label\" aria-hidden=\"true\">*<\/span><\/label><input type=\"text\" id=\"wpforms-19217-field_0\" class=\"wpforms-field-medium wpforms-field-required\" name=\"wpforms[fields][0]\" aria-errormessage=\"wpforms-19217-field_0-error\" required><\/div><div id=\"wpforms-19217-field_1-container\" class=\"wpforms-field wpforms-field-email\" data-field-id=\"1\"><label class=\"wpforms-field-label\" for=\"wpforms-19217-field_1\">Courriel <span class=\"wpforms-required-label\" aria-hidden=\"true\">*<\/span><\/label><input type=\"email\" id=\"wpforms-19217-field_1\" class=\"wpforms-field-medium wpforms-field-required\" name=\"wpforms[fields][1]\" spellcheck=\"false\" aria-errormessage=\"wpforms-19217-field_1-error\" required><\/div><div id=\"wpforms-19217-field_2-container\" class=\"wpforms-field wpforms-field-textarea\" data-field-id=\"2\"><label class=\"wpforms-field-label\" for=\"wpforms-19217-field_2\">Questions et\/ou commentaires<\/label><textarea id=\"wpforms-19217-field_2\" class=\"wpforms-field-medium\" name=\"wpforms[fields][2]\" aria-errormessage=\"wpforms-19217-field_2-error\" ><\/textarea><\/div><\/div><!-- .wpforms-field-container --><div class=\"wpforms-recaptcha-container wpforms-is-recaptcha wpforms-is-recaptcha-type-v3\" ><input type=\"hidden\" name=\"wpforms[recaptcha]\" value=\"\"><\/div><div class=\"wpforms-submit-container\" ><input type=\"hidden\" name=\"wpforms[id]\" value=\"19217\"><input type=\"hidden\" name=\"page_title\" value=\"\"><input type=\"hidden\" name=\"page_url\" value=\"https:\/\/www.adventist.ca\/fr\/wp-json\/wp\/v2\/pages\/918\"><input type=\"hidden\" name=\"url_referer\" value=\"\"><button type=\"submit\" name=\"wpforms[submit]\" id=\"wpforms-submit-19217\" class=\"wpforms-submit\" data-alt-text=\"Sending...\" data-submit-text=\"Soumettre\" aria-live=\"assertive\" value=\"wpforms-submit\">Soumettre<\/button><img loading=\"lazy\" decoding=\"async\" src=\"https:\/\/www.adventist.ca\/wp-content\/plugins\/wpforms\/assets\/images\/submit-spin.svg\" class=\"wpforms-submit-spinner\" style=\"display: none;\" width=\"26\" height=\"26\" alt=\"Chargement en cours\"><\/div><\/form><\/div>  <!-- .wpforms-container -->\n\n\n\n<div class=\"SubHeader\">Votre vie priv\u00e9e<\/div>\n\n\n\n<div class=\"Disclaimer\">Toute information que vous nous soumettrez restera confidentielle et ne sera pas partag\u00e9e \u00e0 quiconque, \u00e0 moins que la loi ne nous y oblige. Vos renseignements seront utilis\u00e9s pour r\u00e9pondre \u00e0 vos commentaires et questions et vous ne recevrez rien de plus, sauf si vous en faites la demande.<\/div>\n","protected":false},"excerpt":{"rendered":"<p>Questions ou commentaires? Votre vie priv\u00e9e Toute information que vous nous soumettrez restera confidentielle et ne sera pas partag\u00e9e \u00e0 quiconque, \u00e0 moins que la loi ne nous y oblige. Vos renseignements seront utilis\u00e9s pour r\u00e9pondre \u00e0 vos commentaires et questions et vous ne recevrez rien de plus, sauf si vous en faites la demande.<\/p>\n","protected":false},"author":1,"featured_media":0,"parent":0,"menu_order":10,"comment_status":"closed","ping_status":"closed","template":"template-core.php","meta":[],"class_list":["post-918","page","type-page","status-publish","hentry","odd"],"_links":{"self":[{"href":"https:\/\/www.adventist.ca\/fr\/wp-json\/wp\/v2\/pages\/918","targetHints":{"allow":["GET"]}}],"collection":[{"href":"https:\/\/www.adventist.ca\/fr\/wp-json\/wp\/v2\/pages"}],"about":[{"href":"https:\/\/www.adventist.ca\/fr\/wp-json\/wp\/v2\/types\/page"}],"author":[{"embeddable":true,"href":"https:\/\/www.adventist.ca\/fr\/wp-json\/wp\/v2\/users\/1"}],"replies":[{"embeddable":true,"href":"https:\/\/www.adventist.ca\/fr\/wp-json\/wp\/v2\/comments?post=918"}],"version-history":[{"count":22,"href":"https:\/\/www.adventist.ca\/fr\/wp-json\/wp\/v2\/pages\/918\/revisions"}],"predecessor-version":[{"id":19221,"href":"https:\/\/www.adventist.ca\/fr\/wp-json\/wp\/v2\/pages\/918\/revisions\/19221"}],"wp:attachment":[{"href":"https:\/\/www.adventist.ca\/fr\/wp-json\/wp\/v2\/media?parent=918"}],"curies":[{"name":"wp","href":"https:\/\/api.w.org\/{rel}","templated":true}]}}