{"id":922,"date":"2012-07-18T11:31:28","date_gmt":"2012-07-18T15:31:28","guid":{"rendered":"http:\/\/www.adventist.ca\/?page_id=922"},"modified":"2018-09-12T12:41:52","modified_gmt":"2018-09-12T16:41:52","slug":"federations","status":"publish","type":"page","link":"https:\/\/www.adventist.ca\/fr\/federations\/","title":{"rendered":"F\u00e9d\u00e9rations de l&rsquo;\u00c9glise adventiste du septi\u00e8me jour du Canada"},"content":{"rendered":"<ul><li><a href='http:\/\/www.albertaadventist.ca\/'>Alberta Conference of the Seventh-day Adventist Church<\/a><\/li><li><a href='http:\/\/www.bcadventist.ca\/'>Seventh-day Adventist Church (British Columbia Conference)<\/a><\/li><li><a href='http:\/\/www.mansaskadventist.ca\/'>Manitoba-Saskatchewan Conference  of the Seventh-day Adventist Church<\/a><\/li><li><a href='https:\/\/www.maritimesda.com\/'>Maritime Conference of the Seventh-day Adventist Church Inc.<\/a><\/li><li><a href='http:\/\/nladventist.ca\/'>Seventh-day Adventist Church in Newfoundland and Labrador<\/a><\/li><li><a href='http:\/\/www.adventistontario.org\/'>Ontario Conference of Seventh-day Adventists<\/a><\/li><li><a href='http:\/\/sdaqc.org\/'>L&#039;&Eacute;glise Adventiste du Septi&egrave;me Jour - F&eacute;d&eacute;ration du Qu&eacute;bec<\/a><\/li><\/ul>\n","protected":false},"excerpt":{"rendered":"","protected":false},"author":1,"featured_media":0,"parent":0,"menu_order":20,"comment_status":"closed","ping_status":"closed","template":"template-simplewide.php","meta":[],"class_list":["post-922","page","type-page","status-publish","hentry","odd"],"_links":{"self":[{"href":"https:\/\/www.adventist.ca\/fr\/wp-json\/wp\/v2\/pages\/922","targetHints":{"allow":["GET"]}}],"collection":[{"href":"https:\/\/www.adventist.ca\/fr\/wp-json\/wp\/v2\/pages"}],"about":[{"href":"https:\/\/www.adventist.ca\/fr\/wp-json\/wp\/v2\/types\/page"}],"author":[{"embeddable":true,"href":"https:\/\/www.adventist.ca\/fr\/wp-json\/wp\/v2\/users\/1"}],"replies":[{"embeddable":true,"href":"https:\/\/www.adventist.ca\/fr\/wp-json\/wp\/v2\/comments?post=922"}],"version-history":[{"count":4,"href":"https:\/\/www.adventist.ca\/fr\/wp-json\/wp\/v2\/pages\/922\/revisions"}],"predecessor-version":[{"id":12609,"href":"https:\/\/www.adventist.ca\/fr\/wp-json\/wp\/v2\/pages\/922\/revisions\/12609"}],"wp:attachment":[{"href":"https:\/\/www.adventist.ca\/fr\/wp-json\/wp\/v2\/media?parent=922"}],"curies":[{"name":"wp","href":"https:\/\/api.w.org\/{rel}","templated":true}]}}