{"id":938,"date":"2012-07-18T11:37:19","date_gmt":"2012-07-18T15:37:19","guid":{"rendered":"http:\/\/www.adventist.ca\/?page_id=938"},"modified":"2018-10-19T12:02:30","modified_gmt":"2018-10-19T16:02:30","slug":"avis-juridiques","status":"publish","type":"page","link":"https:\/\/www.adventist.ca\/fr\/avis-juridiques\/","title":{"rendered":"Avis juridiques"},"content":{"rendered":"<h4>Droit d\u2019auteur<\/h4>\n<p>Touts contenus sur ce site sont tous droits r\u00e9serv\u00e9s \u00a9 Eglise Adventiste du Septi\u00e8me Jour au Canada, 1997-2026, a moins autrement indiquer.<\/p>\n<h4>Liens hors du site<\/h4>\n<p>Avertissement: Tout lien vers des sites externes fournis doit \u00eatre utilis\u00e9 \u00e0 vos propres risques. L\u2019\u00c9glise adventiste du septi\u00e8me jour du Canada n\u2019endosse ou ne supporte pas n\u00e9cessairement ces sites.<\/p>\n<h4>Liens vers notre site<\/h4>\n<p>N\u2019h\u00e9sitez pas \u00e0 offrir un lien vers notre site &#8211; <a href=\"https:\/\/www.adventist.ca\/fr\/\">https:\/\/www.adventist.ca\/fr\/<\/a><\/p>\n<h4>Validit\u00e9 du contenu<\/h4>\n<p>Nous croyons que le contenu de notre site est exact et complet, si vous avez des questions, n\u2019h\u00e9sitez pas \u00e0 nous <a title=\"Contactez-nous\" href=\"https:\/\/www.adventist.ca\/fr\/contactez-nous\/\">contacter.<\/a><\/p>\n<h4>T\u00e9moins<\/h4>\n<p>Nous utilisons des t\u00e9moins sur notre site pour faciliter l\u2019ouverture de sessions et pour am\u00e9liorer l\u2019exp\u00e9rience de l\u2019utilisateur sur notre site.<\/p>\n","protected":false},"excerpt":{"rendered":"<p>Droit d\u2019auteur Touts contenus sur ce site sont tous droits r\u00e9serv\u00e9s \u00a9 Eglise Adventiste du Septi\u00e8me Jour au Canada, , a moins autrement indiquer. Liens hors du site Avertissement: Tout lien vers des sites externes fournis doit \u00eatre utilis\u00e9 \u00e0 vos propres risques. L\u2019\u00c9glise adventiste du septi\u00e8me jour du Canada n\u2019endosse ou ne supporte pas &hellip; <a href=\"https:\/\/www.adventist.ca\/fr\/avis-juridiques\/\">Continued<\/a><\/p>\n","protected":false},"author":1,"featured_media":0,"parent":0,"menu_order":30,"comment_status":"closed","ping_status":"closed","template":"template-simplewide.php","meta":[],"class_list":["post-938","page","type-page","status-publish","hentry","odd"],"_links":{"self":[{"href":"https:\/\/www.adventist.ca\/fr\/wp-json\/wp\/v2\/pages\/938","targetHints":{"allow":["GET"]}}],"collection":[{"href":"https:\/\/www.adventist.ca\/fr\/wp-json\/wp\/v2\/pages"}],"about":[{"href":"https:\/\/www.adventist.ca\/fr\/wp-json\/wp\/v2\/types\/page"}],"author":[{"embeddable":true,"href":"https:\/\/www.adventist.ca\/fr\/wp-json\/wp\/v2\/users\/1"}],"replies":[{"embeddable":true,"href":"https:\/\/www.adventist.ca\/fr\/wp-json\/wp\/v2\/comments?post=938"}],"version-history":[{"count":9,"href":"https:\/\/www.adventist.ca\/fr\/wp-json\/wp\/v2\/pages\/938\/revisions"}],"predecessor-version":[{"id":17382,"href":"https:\/\/www.adventist.ca\/fr\/wp-json\/wp\/v2\/pages\/938\/revisions\/17382"}],"wp:attachment":[{"href":"https:\/\/www.adventist.ca\/fr\/wp-json\/wp\/v2\/media?parent=938"}],"curies":[{"name":"wp","href":"https:\/\/api.w.org\/{rel}","templated":true}]}}