{"id":94,"date":"2012-07-11T17:17:26","date_gmt":"2012-07-11T21:17:26","guid":{"rendered":"http:\/\/www.adventist.ca\/?page_id=94"},"modified":"2018-09-12T12:56:09","modified_gmt":"2018-09-12T16:56:09","slug":"services","status":"publish","type":"page","link":"https:\/\/www.adventist.ca\/fr\/services\/","title":{"rendered":"Services"},"content":{"rendered":"<p><em>Le personnel et les directeurs minist\u00e9riels de l\u2019\u00c9ASJC sont heureux d\u2019offrir du soutien et de la direction en mati\u00e8re d\u2019administration, de leadership et de gouvernance aux f\u00e9d\u00e9rations, missions, minist\u00e8res et \u00e9tablissements adventistes du Canada, leur seul objectif \u00e9tant d\u2019atteindre le Canada par notre message d\u2019espoir et de sant\u00e9.<\/em><\/p>\n<p><em>\u00a0<\/em><em>Servir les autres, c\u2019est servir Dieu! Au sein de l\u2019\u00c9ASJC, vous trouverez les bureaux suivants\u00a0:<\/em><\/p>\n","protected":false},"excerpt":{"rendered":"<p>Le personnel et les directeurs minist\u00e9riels de l\u2019\u00c9ASJC sont heureux d\u2019offrir du soutien et de la direction en mati\u00e8re d\u2019administration, de leadership et de gouvernance aux f\u00e9d\u00e9rations, missions, minist\u00e8res et \u00e9tablissements adventistes du Canada, leur seul objectif \u00e9tant d\u2019atteindre le Canada par notre message d\u2019espoir et de sant\u00e9. \u00a0Servir les autres, c\u2019est servir Dieu! Au &hellip; <a href=\"https:\/\/www.adventist.ca\/fr\/services\/\">Continued<\/a><\/p>\n","protected":false},"author":1,"featured_media":0,"parent":0,"menu_order":4,"comment_status":"closed","ping_status":"closed","template":"template-core.php","meta":[],"class_list":["post-94","page","type-page","status-publish","hentry","odd"],"_links":{"self":[{"href":"https:\/\/www.adventist.ca\/fr\/wp-json\/wp\/v2\/pages\/94","targetHints":{"allow":["GET"]}}],"collection":[{"href":"https:\/\/www.adventist.ca\/fr\/wp-json\/wp\/v2\/pages"}],"about":[{"href":"https:\/\/www.adventist.ca\/fr\/wp-json\/wp\/v2\/types\/page"}],"author":[{"embeddable":true,"href":"https:\/\/www.adventist.ca\/fr\/wp-json\/wp\/v2\/users\/1"}],"replies":[{"embeddable":true,"href":"https:\/\/www.adventist.ca\/fr\/wp-json\/wp\/v2\/comments?post=94"}],"version-history":[{"count":11,"href":"https:\/\/www.adventist.ca\/fr\/wp-json\/wp\/v2\/pages\/94\/revisions"}],"predecessor-version":[{"id":12617,"href":"https:\/\/www.adventist.ca\/fr\/wp-json\/wp\/v2\/pages\/94\/revisions\/12617"}],"wp:attachment":[{"href":"https:\/\/www.adventist.ca\/fr\/wp-json\/wp\/v2\/media?parent=94"}],"curies":[{"name":"wp","href":"https:\/\/api.w.org\/{rel}","templated":true}]}}