{"id":972,"date":"2012-07-18T14:06:35","date_gmt":"2012-07-18T18:06:35","guid":{"rendered":"http:\/\/www.adventist.ca\/?page_id=972"},"modified":"2022-02-16T15:49:58","modified_gmt":"2022-02-16T20:49:58","slug":"bureau-de-leducation","status":"publish","type":"page","link":"https:\/\/www.adventist.ca\/fr\/services\/bureau-de-leducation\/","title":{"rendered":"Bureau de l\u2019\u00e9ducation"},"content":{"rendered":"<div class='EmpList text'><div class='EmpNoPicture'>&nbsp;<\/div><h4>Directeur<\/h4>\n\t\t\t\t\t\t\n\t\t\t\t\t\t<div class='Employee'>Shad Lehmann<br\/>Poste 2073<br\/><a href='mailto:lehmann.shad@adventist.ca'>lehmann.shad@adventist.ca<\/a><\/div><\/div>\n<div class='EmpList text'><div class='EmpNoPicture'>&nbsp;<\/div><h4>Renseignements g&eacute;n&eacute;raux<\/h4>\n\t\t\t\t\t\t\n\t\t\t\t\t\t<div class='Employee'>(905) 433-0011<br\/>(800) 263-7868<br\/><a href='mailto:education@adventist.ca'>education@adventist.ca<\/a><\/div><\/div>\n<div style='clear:both'><\/div><div class='EmpList text'><div class='EmpNoPicture'>&nbsp;<\/div><h4>Directrice adjointe<\/h4>\n\t\t\t\t\t\t\n\t\t\t\t\t\t<div class='Employee'>Keisha Williams Cummings<br\/>Poste 3554<br\/><a href='mailto:williams.keisha@adventist.ca'>williams.keisha@adventist.ca<\/a><\/div><\/div>\n<div class='EmpList text'><div class='EmpNoPicture'>&nbsp;<\/div><h4>Assistante Ex&eacute;cutive Senior\/Registraire de la certification<\/h4>\n\t\t\t\t\t\t\n\t\t\t\t\t\t<div class='Employee'>Brandy Perkins<br\/>Poste 2072<br\/><a href='mailto:perkins.brandy@adventist.ca'>perkins.brandy@adventist.ca<\/a><\/div><\/div>\n<div style='clear:both; height:1px; padding:0px; margin:0px'><\/div>\n\n\n\n\n<hr class=\"wp-block-separator\"\/>\n\n\n\n<p><span style=\"font-size: medium;\"><a href=\"http:\/\/education.adventist.ca\/\"><strong>Office of Education website<\/strong><\/a><\/span><\/p>\n\n\n\n<p>Le site web du Bureau de l&rsquo;\u00e9ducation donne acc\u00e8s \u00e0 des informations et \u00e0 des ressources con\u00e7ues pour soutenir le travail des \u00e9ducateurs adventistes \u00e0 travers le Canada.\u00a0<\/p>\n\n\n\n<hr class=\"wp-block-separator\"\/>\n\n\n\n\n\n\n<p><\/p>\n","protected":false},"excerpt":{"rendered":"<p>Office of Education website Le site web du Bureau de l&rsquo;\u00e9ducation donne acc\u00e8s \u00e0 des informations et \u00e0 des ressources con\u00e7ues pour soutenir le travail des \u00e9ducateurs adventistes \u00e0 travers le Canada.\u00a0<\/p>\n","protected":false},"author":13,"featured_media":0,"parent":94,"menu_order":5,"comment_status":"closed","ping_status":"closed","template":"template-simplewide.php","meta":[],"class_list":["post-972","page","type-page","status-publish","hentry","odd"],"_links":{"self":[{"href":"https:\/\/www.adventist.ca\/fr\/wp-json\/wp\/v2\/pages\/972","targetHints":{"allow":["GET"]}}],"collection":[{"href":"https:\/\/www.adventist.ca\/fr\/wp-json\/wp\/v2\/pages"}],"about":[{"href":"https:\/\/www.adventist.ca\/fr\/wp-json\/wp\/v2\/types\/page"}],"author":[{"embeddable":true,"href":"https:\/\/www.adventist.ca\/fr\/wp-json\/wp\/v2\/users\/13"}],"replies":[{"embeddable":true,"href":"https:\/\/www.adventist.ca\/fr\/wp-json\/wp\/v2\/comments?post=972"}],"version-history":[{"count":18,"href":"https:\/\/www.adventist.ca\/fr\/wp-json\/wp\/v2\/pages\/972\/revisions"}],"predecessor-version":[{"id":18129,"href":"https:\/\/www.adventist.ca\/fr\/wp-json\/wp\/v2\/pages\/972\/revisions\/18129"}],"up":[{"embeddable":true,"href":"https:\/\/www.adventist.ca\/fr\/wp-json\/wp\/v2\/pages\/94"}],"wp:attachment":[{"href":"https:\/\/www.adventist.ca\/fr\/wp-json\/wp\/v2\/media?parent=972"}],"curies":[{"name":"wp","href":"https:\/\/api.w.org\/{rel}","templated":true}]}}