{"id":978,"date":"2012-07-18T14:07:52","date_gmt":"2012-07-18T18:07:52","guid":{"rendered":"http:\/\/www.adventist.ca\/?page_id=978"},"modified":"2022-07-11T10:55:58","modified_gmt":"2022-07-11T14:55:58","slug":"messenger","status":"publish","type":"page","link":"https:\/\/www.adventist.ca\/fr\/services\/messenger\/","title":{"rendered":"Canadian Adventist Messenger"},"content":{"rendered":"<p><div class='CurrentIssue'><a href='https:\/\/issues.adventistmessenger.ca\/books\/APRIL--2026-FINAL-WEB\/' class='NewsIssue' target='_blank'><img src='https:\/\/www.adventist.ca\/sdacc_files\/messenger\/covers\/95-4.jpg' width='148' height='194' alt='April 2026' \/><br\/>April<br\/>2026<\/a><\/div><div class='CurrentIssue'><a href='https:\/\/issues.adventistmessenger.ca\/books\/2-MarsAvril-2026-WEB-FINAL\/' class='NewsIssue' target='_blank'><img src='https:\/\/www.adventist.ca\/sdacc_files\/lemessager\/covers\/13-2.jpg' width='148' height='194' alt='mars-avril 2026' \/><br\/>mars-avril<br\/>2026<\/a><\/div><\/p>\n<p>Le CANADIAN ADVENTIST MESSENGER est un magazine mensuel publi\u00e9 pour les membres de l&rsquo;\u00c9glise adventiste du 7e jour du Canada. Il contient des nouvelles de l&rsquo;\u00e9glise \u00e0 travers le Canada et une vari\u00e9t\u00e9 d&rsquo;articles choisis pour inspirer, \u00e9duquer et encourager nos lecteurs.<\/p>\n<p>Pour des informations \u00e0 propos d\u2019articles de font ou rubrique, contactez <a href='mailto:messenger@adventist.ca'>messenger@adventist.ca<\/a>.\u00a0 <a href='mailto:messenger@adventist.ca'>messenger@adventist.ca<\/a> s\u2019occupe de toutes enqu\u00eates a propos de la publicit\u00e9 et des annonces, nouveaux abonnements et changement d\u2019adresse..<\/p>\n<p>Sur le site, vous <a href=\"#forms\">trouverez<\/a> aussi des directives d\u2019\u00e9criture, nos tarifs pour la publicit\u00e9, des r\u00e8gles \u00e0 suivre pour passer une annonce et des formulaires pour les articles n\u00e9crologiques.<\/p>\n<hr \/>\n<h4><a class=\"block__title-link theme--primary-text-color\" title=\"Canadian Adventist Messenger\" href=\"http:\/\/www.adventistmessenger.ca\/\">Canadian Adventist Messenger<\/a><\/h4>\n<p>The Official website of the Canadian Adventist Messenger.<\/p>\n<h4><a class=\"block__title-link theme--primary-text-color\" title=\"Canadian Adventist Messenger\" href=\"https:\/\/www.adventist.ca\/fr\/services\/messenger\/canadian-adventist-messenger-south-asian-edition\/\">Canadian Adventist Messenger: South Asian Edition<\/a><\/h4>\n<p><em>Le Messager adventiste du Canada<\/em>: <em>\u00c9dition sud-Asiatique<\/em> est un magazine destin\u00e9 aux gens de tous les milieux et de toutes les ethnies qui partagent un amour pour le Christ et aspirent \u00e0 \u00eatre comme lui.<\/p>\n<hr \/>\n<div class='EmpList text'><div class='EmpNoPicture'>&nbsp;<\/div><h4>Directeur<\/h4>\n\t\t\t\t\t\t\n\t\t\t\t\t\t<div class='Employee'>Douglas Pereira<br\/>Poste 2099<br\/><a href='mailto:pereira.douglas@adventist.ca'>pereira.douglas@adventist.ca<\/a><\/div><\/div>\n<div class='EmpList text'><div class='EmpNoPicture'>&nbsp;<\/div><h4>Renseignements g&eacute;n&eacute;raux<\/h4>\n\t\t\t\t\t\t\n\t\t\t\t\t\t<div class='Employee'>(905) 433-0011<br\/>(800) 263-7868<br\/><a href='mailto:messenger@adventist.ca'>messenger@adventist.ca<\/a><\/div><\/div>\n<div style='clear:both'><\/div><div class='EmpList text'><div class='EmpNoPicture'>&nbsp;<\/div><h4>Directeur adjoint des communications, directeur des op&eacute;rations de Hope Channel Canada et r&eacute;dacteur en chef du magazine Messenger<\/h4>\n\t\t\t\t\t\t\n\t\t\t\t\t\t<div class='Employee'>Shawn Ellis<br\/>Poste 2095<br\/><a href='mailto:ellis.shawn@adventist.ca'>ellis.shawn@adventist.ca<\/a><\/div><\/div>\n<div class='EmpList text'><div class='EmpNoPicture'>&nbsp;<\/div><h4>Adjointe &agrave; la r&eacute;daction<\/h4>\n\t\t\t\t\t\t\n\t\t\t\t\t\t<div class='Employee'>Adrianna Lewis<br\/>Poste 2092<br\/><a href='mailto:lewis.adrianna@adventist.ca'>lewis.adrianna@adventist.ca<\/a><\/div><\/div>\n<div style='clear:both'><\/div><div class='EmpList text'><div class='EmpNoPicture'>&nbsp;<\/div><h4>Renseignements &agrave; propros du Messager<\/h4>\n\t\t\t\t\t\t\n\t\t\t\t\t\t<div class='Employee'>(905) 433-0011<br\/>(800) 263-7868<br\/><a href='mailto:lemessager@adventiste.ca'>lemessager@adventiste.ca<\/a><\/div><\/div>\n<div class='EmpList text'><div class='EmpNoPicture'>&nbsp;<\/div><h4>Assistante administrative<\/h4>\n\t\t\t\t\t\t\n\t\t\t\t\t\t<div class='Employee'>Lisa Mercer<br\/>Poste 2090<br\/><a href='mailto:mercer.lisa@adventist.ca'>mercer.lisa@adventist.ca<\/a><\/div><\/div>\n<div style='clear:both'><\/div><div class='EmpList text'><div class='EmpNoPicture'>&nbsp;<\/div><h4>Coordinatrice de r&eacute;daction pour Le Messager<\/h4>\n\t\t\t\t\t\t\n\t\t\t\t\t\t<div class='Employee'>Rollande Gigu&egrave;re<br\/>Poste 0<br\/><a href='mailto:giguere.rollande@adventist.ca'>giguere.rollande@adventist.ca<\/a><\/div><\/div>\n<div class='EmpList text'><div class='EmpNoPicture'>&nbsp;<\/div><h4>Secr&eacute;taire<\/h4>\n\t\t\t\t\t\t\n\t\t\t\t\t\t<div class='Employee'>Karen O&#039;Dell<br\/>Poste 2012<br\/><a href='mailto:odell.karen@adventist.ca'>odell.karen@adventist.ca<\/a><\/div><\/div>\n<div style='clear:both'><\/div><div class='EmpList text'><div class='EmpNoPicture'>&nbsp;<\/div><h4>Coordinatrice des porteurs d&#039;espoir<\/h4>\n\t\t\t\t\t\t\n\t\t\t\t\t\t<div class='Employee'>Lissette Arroyo<br\/>Poste 2011<br\/><a href='mailto:arroyo.lissette@hopetv.ca'>arroyo.lissette@hopetv.ca<\/a><\/div><\/div>\n<div class='EmpList text'><div class='EmpNoPicture'>&nbsp;<\/div><h4>Coordinatrice des porteurs d&#039;espoir<\/h4>\n\t\t\t\t\t\t\n\t\t\t\t\t\t<div class='Employee'>Tiffany Campbell-Dailey<br\/>Poste 2011<br\/><a href='mailto:campbell-dailey.tiffany@hopetv.ca'>campbell-dailey.tiffany@hopetv.ca<\/a><\/div><\/div>\n<div style='clear:both'><\/div><div class='EmpList text'><div class='EmpNoPicture'>&nbsp;<\/div><h4>Coordinateur de l&rsquo;&eacute;cole biblique Hope Study pour Hope Channel Canada<\/h4>\n\t\t\t\t\t\t\n\t\t\t\t\t\t<div class='Employee'>Paul Antunes<br\/>Poste 2094<br\/><a href='mailto:antunes.paul@hopetv.ca'>antunes.paul@hopetv.ca<\/a><\/div><\/div>\n<div class='EmpList text'><div class='EmpNoPicture'>&nbsp;<\/div><h4>&Eacute;vang&eacute;liste pour Hope Channel Canada<\/h4>\n\t\t\t\t\t\t\n\t\t\t\t\t\t<div class='Employee'>Bill Santos<br\/><a href='mailto:santos.bill@hopetv.ca'>santos.bill@hopetv.ca<\/a><\/div><\/div>\n<div style='clear:both'><\/div><div class='EmpList text'><div class='EmpNoPicture'>&nbsp;<\/div><h4>&Eacute;vang&eacute;liste sur les m&eacute;dias pour Hope Channel Canada<\/h4>\n\t\t\t\t\t\t\n\t\t\t\t\t\t<div class='Employee'>Robert Zama<br\/>Poste 3553<br\/><a href='mailto:zama.robert@hopetv.ca'>zama.robert@hopetv.ca<\/a><\/div><\/div>\n<div class='EmpList text'><div class='EmpNoPicture'>&nbsp;<\/div><h4>Orateur pour Voice of Prophecy Canada<\/h4>\n\t\t\t\t\t\t\n\t\t\t\t\t\t<div class='Employee'>Samuel Sinnanainar<br\/>Poste 3555<br\/><a href='mailto:sinnanainar.samuel@hopetv.ca'>sinnanainar.samuel@hopetv.ca<\/a><\/div><\/div>\n<div style='clear:both'><\/div><div class='EmpList text'><div class='EmpNoPicture'>&nbsp;<\/div><h4>Sp&eacute;cialiste du contenu num&eacute;rique<\/h4>\n\t\t\t\t\t\t\n\t\t\t\t\t\t<div class='Employee'>Jay Burgess<br\/>Poste 2096<br\/><a href='mailto:burgess.jay@adventist.ca'>burgess.jay@adventist.ca<\/a><\/div><\/div>\n<div class='EmpList text'><div class='EmpNoPicture'>&nbsp;<\/div><h4>Hope Channel Canada Coordinateur de production<\/h4>\n\t\t\t\t\t\t\n\t\t\t\t\t\t<div class='Employee'>Joseias Cunha<br\/>Poste 2003<br\/><a href='mailto:cunha.joseias@hopetv.ca'>cunha.joseias@hopetv.ca<\/a><\/div><\/div>\n<div style='clear:both; height:1px; padding:0px; margin:0px'><\/div>\n\n<hr \/>\n<h4>Ressources D\u00e9partementales Disponibles<\/h4><ul class='Info'><li><a href='#issues'>Messenger Archives<\/a><\/li><li><a href='#category16'>Online Tools<\/a><\/li><li><a href='#category53'>Announcements - Online Submission<\/a><\/li><li><a href='#category54'>Announcements - Printable Forms<\/a><\/li><li><a href='#category55'>Advertising<\/a><\/li><li><a href='#category19'>Other Resources<\/a><\/li><li><a href='#deadlines'>Date limite de soumission<\/a><\/li><\/ul>\n<hr \/>\n<h4 style='text-align:center' id='issues'>Canadian Adventist Messenger Archives<\/h4><div class='NewsArchive'><a href='https:\/\/issues.adventistmessenger.ca\/books\/MARCH--2026-FINAL2\/' class='NewsIssue' target='_blank'><img src='https:\/\/www.adventist.ca\/sdacc_files\/messenger\/covers\/95-3.jpg' width='74' height='97' alt='March 2026' \/><br\/>March<br\/>2026<\/a><\/div><div class='NewsArchive'><a href='https:\/\/online.fliphtml5.com\/wczq\/JAN-FEV--2026-FINAL-WEB\/' class='NewsIssue' target='_blank'><img src='https:\/\/www.adventist.ca\/sdacc_files\/messenger\/covers\/95-1.jpg' width='74' height='97' alt='January - February 2026' \/><br\/>January<br\/>-<br\/>February<br\/>2026<\/a><\/div><div class='NewsArchive'><a href='https:\/\/online.fliphtml5.com\/wczq\/DEC--2025-WEB-FINAL\/' class='NewsIssue' target='_blank'><img src='https:\/\/www.adventist.ca\/sdacc_files\/messenger\/covers\/94-12.jpg' width='74' height='97' alt='December 2025' \/><br\/>December<br\/>2025<\/a><\/div><div class='NewsArchive'><a href='http:\/\/issues.adventistmessenger.ca\/books\/obcm\/' class='NewsIssue' target='_blank'><img src='https:\/\/www.adventist.ca\/sdacc_files\/messenger\/covers\/94-11.jpg' width='74' height='97' alt='November 2025' \/><br\/>November<br\/>2025<\/a><\/div><div class='NewsArchive'><a href='http:\/\/issues.adventistmessenger.ca\/books\/pqlu\/' class='NewsIssue' target='_blank'><img src='https:\/\/www.adventist.ca\/sdacc_files\/messenger\/covers\/94-10.jpg' width='74' height='97' alt='October 2025' \/><br\/>October<br\/>2025<\/a><\/div><div class='NewsArchive'><a href='http:\/\/issues.adventistmessenger.ca\/books\/dzkx\/' class='NewsIssue' target='_blank'><img src='https:\/\/www.adventist.ca\/sdacc_files\/messenger\/covers\/94-9.jpg' width='74' height='97' alt='September 2025' \/><br\/>September<br\/>2025<\/a><\/div><div class='NewsArchive'><a href='http:\/\/issues.adventistmessenger.ca\/books\/vkrp\/' class='NewsIssue' target='_blank'><img src='https:\/\/www.adventist.ca\/sdacc_files\/messenger\/covers\/94-8.jpg' width='74' height='97' alt='August 2025' \/><br\/>August<br\/>2025<\/a><\/div><div class='NewsArchive'><a href='http:\/\/issues.adventistmessenger.ca\/books\/qwcj\/' class='NewsIssue' target='_blank'><img src='https:\/\/www.adventist.ca\/sdacc_files\/messenger\/covers\/94-7.jpg' width='74' height='97' alt='July 2025' \/><br\/>July<br\/>2025<\/a><\/div>\n<div class=\"MessArchives\"><a title=\"Canadian Adventist Messenger Archives\" href=\"https:\/\/www.adventist.ca\/fr\/services\/messenger\/archives\/\">All Archived Issues<\/a><\/div>\n<div style=\"clear: both;\"><\/div>\n<hr \/>\n<h4 style='text-align:center'>Le Messager adventiste du Canada Archives<\/h4><div class='NewsArchive'><a href='https:\/\/online.fliphtml5.com\/wczq\/1-Jan-FEV-2026-WEB\/' class='NewsIssue' target='_blank'><img src='https:\/\/www.adventist.ca\/sdacc_files\/lemessager\/covers\/13-1.jpg' width='74' height='97' alt='janvier-f&eacute;vrier 2026' \/><br\/>janvier-f&eacute;vrier<br\/>2026<\/a><\/div><div class='NewsArchive'><a href='http:\/\/issues.adventistmessenger.ca\/books\/gajy\/' class='NewsIssue' target='_blank'><img src='https:\/\/www.adventist.ca\/sdacc_files\/lemessager\/covers\/12-6.jpg' width='74' height='97' alt='novembre-d&eacute;cembre 2025' \/><br\/>novembre-d&eacute;cembre<br\/>2025<\/a><\/div><div class='NewsArchive'><a href='https:\/\/online.fliphtml5.com\/wczq\/vvwa\/' class='NewsIssue' target='_blank'><img src='https:\/\/www.adventist.ca\/sdacc_files\/lemessager\/covers\/12-5.jpg' width='74' height='97' alt='septembre-octobre 2025' \/><br\/>septembre-octobre<br\/>2025<\/a><\/div><div class='NewsArchive'><a href='http:\/\/issues.adventistmessenger.ca\/books\/qvry\/' class='NewsIssue' target='_blank'><img src='https:\/\/www.adventist.ca\/sdacc_files\/lemessager\/covers\/12-4.jpg' width='74' height='97' alt='juillet-ao&ucirc;t 2025' \/><br\/>juillet-ao&ucirc;t<br\/>2025<\/a><\/div><div class='NewsArchive'><a href='http:\/\/issues.adventistmessenger.ca\/books\/husp\/' class='NewsIssue' target='_blank'><img src='https:\/\/www.adventist.ca\/sdacc_files\/lemessager\/covers\/12-3.jpg' width='74' height='97' alt='mai-juin 2025' \/><br\/>mai-juin<br\/>2025<\/a><\/div><div class='NewsArchive'><a href='http:\/\/issues.adventistmessenger.ca\/books\/inps\/' class='NewsIssue' target='_blank'><img src='https:\/\/www.adventist.ca\/sdacc_files\/lemessager\/covers\/12-2.jpg' width='74' height='97' alt='mars-avril 2025' \/><br\/>mars-avril<br\/>2025<\/a><\/div><div class='NewsArchive'><a href='http:\/\/issues.adventistmessenger.ca\/books\/uxhv\/' class='NewsIssue' target='_blank'><img src='https:\/\/www.adventist.ca\/sdacc_files\/lemessager\/covers\/12-1.jpg' width='74' height='97' alt='janvier-f&eacute;vrier 2025' \/><br\/>janvier-f&eacute;vrier<br\/>2025<\/a><\/div><div class='NewsArchive'><a href='http:\/\/issues.adventistmessenger.ca\/books\/ykve\/' class='NewsIssue' target='_blank'><img src='https:\/\/www.adventist.ca\/sdacc_files\/lemessager\/covers\/11-6.jpg' width='74' height='97' alt='novembre-d&eacute;cembre 2024' \/><br\/>novembre-d&eacute;cembre<br\/>2024<\/a><\/div>\n<div class=\"MessArchives\"><a title=\"Canadian Adventist Messenger Archives\" href=\"https:\/\/www.adventist.ca\/fr\/services\/messenger\/archives\/\">All Archived Issues<\/a><\/div>\n<div style=\"clear: both;\"><\/div>\n<hr \/>\n<div id=\"deadlines\" class=\"MessDeadline\">\n<div class=\"DdlnIntro\">Date limite pour les articles et annonces:<\/div>\n<div class=\"Ddlntxt\">Tous les articles pour un num\u00e9ro doivent \u00eatre re\u00e7us le premier jour ouvrable du mois limite.<\/div>\n<table class=\"Messenger\">\n<tbody>\n<tr>\n<th>Num\u00e9ro<\/th>\n<th>Date limite<\/th>\n<\/tr>\n<tr>\n<td>Janvier<\/td>\n<td>Novembre<\/td>\n<\/tr>\n<tr>\n<td>F\u00e9vrier<\/td>\n<td>D\u00e9cembre<\/td>\n<\/tr>\n<tr>\n<td>Mars<\/td>\n<td>Janvier<\/td>\n<\/tr>\n<tr>\n<td>Avril<\/td>\n<td>F\u00e9vrier<\/td>\n<\/tr>\n<tr>\n<td>Mai<\/td>\n<td>Mars<\/td>\n<\/tr>\n<tr>\n<td>Juin<\/td>\n<td>Avril<\/td>\n<\/tr>\n<tr>\n<td>Juillet<\/td>\n<td>Mai<\/td>\n<\/tr>\n<tr>\n<td>Ao\u00fbt<\/td>\n<td>Juin<\/td>\n<\/tr>\n<tr>\n<td>Septembre<\/td>\n<td>Juillet<\/td>\n<\/tr>\n<tr>\n<td>Octobre<\/td>\n<td>Ao\u00fbt<\/td>\n<\/tr>\n<tr>\n<td>Novembre<\/td>\n<td>Septembre<\/td>\n<\/tr>\n<tr>\n<td>D\u00e9cembre<\/td>\n<td>Octobre<\/td>\n<\/tr>\n<\/tbody>\n<\/table>\n<\/div>\n<h4 id='category16'>Online Tools:<\/h4><div class='sdacc_CatDesc'><\/div><ul><li><a href='http:\/\/adventistmessenger.ca\/submissions\/subscriptions'>Subscription Change Request<\/a><br\/>Here you can make a change to your Messenger subscription, or request a new subscription. <span class='Disclaimer'>(External Link)<\/span><\/li>\n<li><a href='http:\/\/www.adventist.ca\/departments\/upload-centre\/?dept=9'>Upload Centre<\/a><br\/>Have an article, photo or other file you want to submit for publication? This is the place to do it.<\/li>\n<\/ul><h4 id='category53'>Announcements - Online Submission:<\/h4><div class='sdacc_CatDesc'>Submit an announcement directly to the announcement manager. An easy form saves postage and ensures that all necessary information has been included.<\/div><ul><li><a href='https:\/\/adventistmessenger.ca\/submissions\/anniversary'>Anniversary<\/a><br\/>50th and every 5th one after <span class='Disclaimer'>(External Link)<\/span><\/li>\n<li><a href='https:\/\/adventistmessenger.ca\/submissions\/birth'>Birth<\/a><br\/> <span class='Disclaimer'>(External Link)<\/span><\/li>\n<li><a href='https:\/\/adventistmessenger.ca\/submissions\/birthday'>Birthday<\/a><br\/>90th and every 5th one after <span class='Disclaimer'>(External Link)<\/span><\/li>\n<li><a href='https:\/\/adventistmessenger.ca\/submissions\/new-member'>New Member<\/a><br\/> <span class='Disclaimer'>(External Link)<\/span><\/li>\n<li><a href='https:\/\/adventistmessenger.ca\/submissions\/obituaries'>Obituary<\/a><br\/> <span class='Disclaimer'>(External Link)<\/span><\/li>\n<li><a href='http:\/\/adventistmessenger.ca\/submissions\/announcement-wedding'>Wedding<\/a><br\/> <span class='Disclaimer'>(External Link)<\/span><\/li>\n<\/ul><h4 id='category54'>Announcements - Printable Forms:<\/h4><div class='sdacc_CatDesc'>Prefer to print out your form and mail or fax it? Use the following Printable forms.<\/div><ul><li><a href='https:\/\/www.adventist.ca\/wp-content\/plugins\/sdacc_functions\/forms\/deptforms.php?id=80&amp;lang=fr'>Anniversary<\/A><br\/>50th and every 5 after<\/li>\n<li><a href='https:\/\/www.adventist.ca\/wp-content\/plugins\/sdacc_functions\/forms\/deptforms.php?id=77&amp;lang=fr'>Birth<\/A><br\/><\/li>\n<li><a href='https:\/\/www.adventist.ca\/wp-content\/plugins\/sdacc_functions\/forms\/deptforms.php?id=81&amp;lang=fr'>Birthday<\/A><br\/>90th and every 5 after<\/li>\n<li><a href='https:\/\/www.adventist.ca\/wp-content\/plugins\/sdacc_functions\/forms\/deptforms.php?id=78&amp;lang=fr'>New Member<\/A><br\/><\/li>\n<li><a href='https:\/\/www.adventist.ca\/wp-content\/plugins\/sdacc_functions\/forms\/deptforms.php?id=4&amp;lang=fr'>Obituary<\/A><br\/><\/li>\n<li><a href='https:\/\/www.adventist.ca\/wp-content\/plugins\/sdacc_functions\/forms\/deptforms.php?id=79&amp;lang=fr'>Wedding<\/A><br\/><\/li>\n<\/ul><h4 id='category55'>Advertising:<\/h4><div class='sdacc_CatDesc'><\/div><ul><li><a href='https:\/\/www.adventist.ca\/wp-content\/plugins\/sdacc_functions\/forms\/deptforms.php?id=2&amp;lang=fr'>Advertising Policies<\/A><br\/><\/li>\n<li><a href='https:\/\/www.adventist.ca\/wp-content\/plugins\/sdacc_functions\/forms\/deptforms.php?id=641&amp;lang=fr'>2026 Advertising Rate Sheet<\/A><br\/><\/li>\n<li><a href='https:\/\/www.adventist.ca\/wp-content\/plugins\/sdacc_functions\/forms\/deptforms.php?id=343&amp;lang=fr'>2026 Advertising Out-of-Union Rate Sheet<\/A><br\/><\/li>\n<\/ul><h4 id='category19'>Other Resources:<\/h4><div class='sdacc_CatDesc'><\/div><ul><li><a href='https:\/\/www.adventist.ca\/wp-content\/plugins\/sdacc_functions\/forms\/deptforms.php?id=84&amp;lang=fr'>Campmeeting Information Form<\/A><br\/>This is for Conference use only<\/li>\n<li><a href='https:\/\/www.adventist.ca\/wp-content\/plugins\/sdacc_functions\/forms\/deptforms.php?id=240&amp;lang=fr'>Survey Results<\/A><br\/><\/li>\n<li><a href='https:\/\/www.adventist.ca\/wp-content\/plugins\/sdacc_functions\/forms\/deptforms.php?id=337&amp;lang=fr'>Attracting and Engaging Millenials in Local Church Communities<\/A><br\/>A qualitative study of the trends among young people at Oakridge Adventist Church and British Columbia Conference, by Rajkumar Dixit, Rajinie Dixit, Kyle Stiemsma.<\/li>\n<\/ul>\n\n","protected":false},"excerpt":{"rendered":"<p>Le CANADIAN ADVENTIST MESSENGER est un magazine mensuel publi\u00e9 pour les membres de l&rsquo;\u00c9glise adventiste du 7e jour du Canada. Il contient des nouvelles de l&rsquo;\u00e9glise \u00e0 travers le Canada et une vari\u00e9t\u00e9 d&rsquo;articles choisis pour inspirer, \u00e9duquer et encourager nos lecteurs. Pour des informations \u00e0 propos d\u2019articles de font ou rubrique, contactez .\u00a0 s\u2019occupe &hellip; <a href=\"https:\/\/www.adventist.ca\/fr\/services\/messenger\/\">Continued<\/a><\/p>\n","protected":false},"author":17,"featured_media":0,"parent":94,"menu_order":4,"comment_status":"closed","ping_status":"closed","template":"template-simplewide.php","meta":[],"class_list":["post-978","page","type-page","status-publish","hentry","odd"],"_links":{"self":[{"href":"https:\/\/www.adventist.ca\/fr\/wp-json\/wp\/v2\/pages\/978","targetHints":{"allow":["GET"]}}],"collection":[{"href":"https:\/\/www.adventist.ca\/fr\/wp-json\/wp\/v2\/pages"}],"about":[{"href":"https:\/\/www.adventist.ca\/fr\/wp-json\/wp\/v2\/types\/page"}],"author":[{"embeddable":true,"href":"https:\/\/www.adventist.ca\/fr\/wp-json\/wp\/v2\/users\/17"}],"replies":[{"embeddable":true,"href":"https:\/\/www.adventist.ca\/fr\/wp-json\/wp\/v2\/comments?post=978"}],"version-history":[{"count":31,"href":"https:\/\/www.adventist.ca\/fr\/wp-json\/wp\/v2\/pages\/978\/revisions"}],"predecessor-version":[{"id":18177,"href":"https:\/\/www.adventist.ca\/fr\/wp-json\/wp\/v2\/pages\/978\/revisions\/18177"}],"up":[{"embeddable":true,"href":"https:\/\/www.adventist.ca\/fr\/wp-json\/wp\/v2\/pages\/94"}],"wp:attachment":[{"href":"https:\/\/www.adventist.ca\/fr\/wp-json\/wp\/v2\/media?parent=978"}],"curies":[{"name":"wp","href":"https:\/\/api.w.org\/{rel}","templated":true}]}}