{"id":990,"date":"2012-07-18T14:11:04","date_gmt":"2012-07-18T18:11:04","guid":{"rendered":"http:\/\/www.adventist.ca\/?page_id=990"},"modified":"2026-01-05T12:41:33","modified_gmt":"2026-01-05T17:41:33","slug":"ministere-des-premieres-nations","status":"publish","type":"page","link":"https:\/\/www.adventist.ca\/fr\/services\/ministere-des-premieres-nations\/","title":{"rendered":"Minist\u00e8res de la r\u00e9conciliation autochtone"},"content":{"rendered":"\n<p>Le d\u00e9partement des Minist\u00e8res de r\u00e9conciliation avec les peuples autochtones (MRPA) de l\u2019\u00c9ASJC est consacr\u00e9 \u00e0 la r\u00e9conciliation d\u2019une dette spirituelle avec les peuples autochtones acquise par la mauvaise repr\u00e9sentation de notre Cr\u00e9ateur biblique par le \u00ab&nbsp;christianisme&nbsp;\u00bb colonial. Par la pri\u00e8re et la soumission aux directives du Saint-Esprit, nous comptons sur notre P\u00e8re c\u00e9leste et Cr\u00e9ateur, lui qui sait mieux que quiconque ce qu\u2019il faut pour r\u00e9parer les dommages dont nous avons h\u00e9rit\u00e9 de nos pr\u00e9d\u00e9cesseurs \u00ab&nbsp;chr\u00e9tiens&nbsp;\u00bb. Nous nous sommes donc engag\u00e9s \u00e0 embarquer dans son canot et \u00e0 pagayer avec lui et avec toutes les personnes consacr\u00e9es au minist\u00e8re de la r\u00e9conciliation.<\/p>\n\n\n\n<h2 class=\"wp-block-heading\"><strong><strong>Notre mission<\/strong><\/strong><\/h2>\n\n\n\n<p>Nourrir une collaboration avec les Premi\u00e8res Nations, les Inuits, les M\u00e9tis et leurs humbles alli\u00e9s qui ont fait alliance avec le Cr\u00e9ateur, et ce, par un processus authentique de gu\u00e9rison au moyen de l\u2019apprentissage, du d\u00e9veloppement et du service au sein du minist\u00e8re de la r\u00e9conciliation avec les peuples autochtones \u00e0 l\u2019aide d\u2019une approche fid\u00e8le et essentielle de contextualisation.<\/p>\n\n\n\n<p><\/p>\n\n\n\n<h2 class=\"wp-block-heading\"><strong><br><strong><strong>Nos services<\/strong><\/strong><\/strong><\/h2>\n\n\n\n<p><strong>Nos responsabilit\u00e9s sont multiples:<\/strong><\/p>\n\n\n\n<ol class=\"wp-block-list\">\n<li>Aider nos partenaires minist\u00e9riels constituants (PMC) (membres, \u00e9glises, \u00e9coles, f\u00e9d\u00e9rations) \u00e0 modifier les id\u00e9es tordues qu\u2019ils pourraient avoir quant \u00e0 la fa\u00e7on dont les \u00e9glises doivent \u00e9changer avec les communaut\u00e9s autochtones et r\u00e9concilier l\u2019impact douloureux que les \u00e9glises ont eu sur le bien-\u00eatre des Autochtones et sur leur compr\u00e9hension d\u2019un Cr\u00e9ateur biblique. Voil\u00e0 la nature du minist\u00e8re de la r\u00e9conciliation.&nbsp;<br><\/li>\n\n\n\n<li>Outiller et mobiliser un groupe collaboratif de dirigeants adventistes autochtones pour travailler avec leurs humbles alli\u00e9s du minist\u00e8re de la r\u00e9conciliation.<br><br><strong>Nos services comprennent:<\/strong>\n<ul class=\"wp-block-list\">\n<li>La conception de contenu m\u00e9diatique sur la r\u00e9conciliation avec les peuples autochtones<\/li>\n\n\n\n<li>Des rassemblements autochtones r\u00e9gionaux et virtuels&nbsp;<\/li>\n\n\n\n<li>La planification du programme SEED, le soutien et le financement des partenaires minist\u00e9riels constituants (membres, \u00e9glises, \u00e9coles, f\u00e9d\u00e9rations)\n<ul class=\"wp-block-list\">\n<li>Consultation, pr\u00e9sentations et ateliers de formation<\/li>\n\n\n\n<li>Courtage culturel et soutien des interm\u00e9diaires<\/li>\n\n\n\n<li>Soutien dans la r\u00e9daction de demandes de subventions<\/li>\n<\/ul>\n<\/li>\n<\/ul>\n<\/li>\n<\/ol>\n\n\n\n<div style=\"height:37px\" aria-hidden=\"true\" class=\"wp-block-spacer\"><\/div>\n\n\n\n<hr class=\"wp-block-separator has-alpha-channel-opacity\"\/>\n\n\n\n<h2 class=\"wp-block-heading\"><strong><strong><strong>Inscription au programme SEED<\/strong><\/strong><\/strong><\/h2>\n\n\n\n<div class=\"wp-block-columns is-layout-flex wp-container-core-columns-is-layout-9d6595d7 wp-block-columns-is-layout-flex\">\n<div class=\"wp-block-column is-layout-flow wp-block-column-is-layout-flow\">\n<figure class=\"wp-block-image size-full\"><a href=\"https:\/\/www.adventist.ca\/wp-content\/uploads\/2026\/01\/image002.png\"><img loading=\"lazy\" decoding=\"async\" width=\"1224\" height=\"1172\" src=\"https:\/\/www.adventist.ca\/wp-content\/uploads\/2026\/01\/image002.png\" alt=\"\" class=\"wp-image-19963\" srcset=\"https:\/\/www.adventist.ca\/wp-content\/uploads\/2026\/01\/image002.png 1224w, https:\/\/www.adventist.ca\/wp-content\/uploads\/2026\/01\/image002-300x287.png 300w, https:\/\/www.adventist.ca\/wp-content\/uploads\/2026\/01\/image002-1024x980.png 1024w, https:\/\/www.adventist.ca\/wp-content\/uploads\/2026\/01\/image002-768x735.png 768w, https:\/\/www.adventist.ca\/wp-content\/uploads\/2026\/01\/image002-350x335.png 350w, https:\/\/www.adventist.ca\/wp-content\/uploads\/2026\/01\/image002-700x670.png 700w, https:\/\/www.adventist.ca\/wp-content\/uploads\/2026\/01\/image002-800x766.png 800w, https:\/\/www.adventist.ca\/wp-content\/uploads\/2026\/01\/image002-1100x1053.png 1100w\" sizes=\"auto, (max-width: 1224px) 100vw, 1224px\" \/><\/a><\/figure>\n<\/div>\n\n\n\n<div class=\"wp-block-column is-layout-flow wp-block-column-is-layout-flow\">\n<figure class=\"wp-block-image size-full\"><a href=\"https:\/\/www.adventist.ca\/wp-content\/uploads\/2025\/12\/Designer1-1.png\"><img loading=\"lazy\" decoding=\"async\" width=\"1536\" height=\"1024\" src=\"https:\/\/www.adventist.ca\/wp-content\/uploads\/2025\/12\/Designer1-1.png\" alt=\"\" class=\"wp-image-19948\" srcset=\"https:\/\/www.adventist.ca\/wp-content\/uploads\/2025\/12\/Designer1-1.png 1536w, https:\/\/www.adventist.ca\/wp-content\/uploads\/2025\/12\/Designer1-1-300x200.png 300w\" sizes=\"auto, (max-width: 1536px) 100vw, 1536px\" \/><\/a><\/figure>\n\n\n\n<p>Si vous \u00eates un <strong>membre, une \u00e9glise, une \u00e9cole ou une f\u00e9d\u00e9ration <\/strong>partenaire d\u2019une communaut\u00e9 autochtone dont vous servez le territoire, <strong>veuillez vous inscrire <\/strong>afin d\u2019acc\u00e9der \u00e0 des ressources d\u2019aide culturellement \u00e9clair\u00e9es et \u00e0 des possibilit\u00e9s de financement.<\/p>\n\n\n\n<div style=\"height:33px\" aria-hidden=\"true\" class=\"wp-block-spacer\"><\/div>\n\n\n\n<div class=\"wp-block-buttons is-layout-flex wp-block-buttons-is-layout-flex\">\n<div class=\"wp-block-button\"><a class=\"wp-block-button__link wp-element-button\">POUR VOUS INSCRIRE<\/a><\/div>\n<\/div>\n<\/div>\n<\/div>\n\n\n\n<hr class=\"wp-block-separator has-css-opacity\"\/>\n\n\n\n<h2 class=\"wp-block-heading\"><strong><strong>Notre parcours<\/strong><\/strong><\/h2>\n\n\n\n<div class=\"wp-block-columns is-layout-flex wp-container-core-columns-is-layout-9d6595d7 wp-block-columns-is-layout-flex\">\n<div class=\"wp-block-column is-layout-flow wp-block-column-is-layout-flow\">\n<p><strong>Vous voulez en savoir plus sur le parcours d\u2019apprentissage, de d\u00e9veloppement et de service au sein du minist\u00e8re de la r\u00e9conciliation?<\/strong><\/p>\n\n\n\n<div style=\"height:23px\" aria-hidden=\"true\" class=\"wp-block-spacer is-style-wide\"><\/div>\n\n\n\n<ul class=\"wp-block-list\">\n<li><strong>Strategic Plan<\/strong>: <br><a href=\"https:\/\/www.adventist.ca\/wp-content\/uploads\/2025\/07\/Strategic-Plan-IRM-2025-27-June.1.pdf\" target=\"_blank\" rel=\"noreferrer noopener\">View IRM Strategic Plan 2025 \u2013 2027<\/a><br><br><\/li>\n\n\n\n<li><strong>Truth &amp; Reconciliation Sabbath Offering Appeal<\/strong>: <a href=\"https:\/\/www.youtube.com\/watch?v=cElsx4GvWeY\" target=\"_blank\" rel=\"noreferrer noopener\">Watch Video<\/a><br><br><\/li>\n\n\n\n<li><strong><strong>Rapport de fin d\u2019ann\u00e9e :<\/strong><\/strong> <br><a href=\"https:\/\/www.adventist.ca\/wp-content\/uploads\/2025\/12\/RAPPORT-DE-NOVEMBRE-2025.pdf\" target=\"_blank\" rel=\"noreferrer noopener\">Voir le rapport de novembre 2025<\/a><\/li>\n<\/ul>\n<\/div>\n\n\n\n<div class=\"wp-block-column is-layout-flow wp-block-column-is-layout-flow\">\n<figure class=\"wp-block-image size-large\"><a href=\"https:\/\/www.adventist.ca\/wp-content\/uploads\/2025\/07\/Image-of-IRM-2025-2027-Strategic-Plan-1-edited.png\"><img loading=\"lazy\" decoding=\"async\" width=\"1024\" height=\"1024\" src=\"https:\/\/www.adventist.ca\/wp-content\/uploads\/2025\/07\/Image-of-IRM-2025-2027-Strategic-Plan-1-edited-1024x1024.png\" alt=\"\" class=\"wp-image-19717\" srcset=\"https:\/\/www.adventist.ca\/wp-content\/uploads\/2025\/07\/Image-of-IRM-2025-2027-Strategic-Plan-1-edited-1024x1024.png 1024w, https:\/\/www.adventist.ca\/wp-content\/uploads\/2025\/07\/Image-of-IRM-2025-2027-Strategic-Plan-1-edited-300x300.png 300w, https:\/\/www.adventist.ca\/wp-content\/uploads\/2025\/07\/Image-of-IRM-2025-2027-Strategic-Plan-1-edited-150x150.png 150w, https:\/\/www.adventist.ca\/wp-content\/uploads\/2025\/07\/Image-of-IRM-2025-2027-Strategic-Plan-1-edited-768x768.png 768w, https:\/\/www.adventist.ca\/wp-content\/uploads\/2025\/07\/Image-of-IRM-2025-2027-Strategic-Plan-1-edited-250x250.png 250w, https:\/\/www.adventist.ca\/wp-content\/uploads\/2025\/07\/Image-of-IRM-2025-2027-Strategic-Plan-1-edited-400x400.png 400w, https:\/\/www.adventist.ca\/wp-content\/uploads\/2025\/07\/Image-of-IRM-2025-2027-Strategic-Plan-1-edited-700x700.png 700w, https:\/\/www.adventist.ca\/wp-content\/uploads\/2025\/07\/Image-of-IRM-2025-2027-Strategic-Plan-1-edited-900x900.png 900w, https:\/\/www.adventist.ca\/wp-content\/uploads\/2025\/07\/Image-of-IRM-2025-2027-Strategic-Plan-1-edited-350x350.png 350w, https:\/\/www.adventist.ca\/wp-content\/uploads\/2025\/07\/Image-of-IRM-2025-2027-Strategic-Plan-1-edited-800x800.png 800w, https:\/\/www.adventist.ca\/wp-content\/uploads\/2025\/07\/Image-of-IRM-2025-2027-Strategic-Plan-1-edited-1100x1100.png 1100w, https:\/\/www.adventist.ca\/wp-content\/uploads\/2025\/07\/Image-of-IRM-2025-2027-Strategic-Plan-1-edited.png 1200w\" sizes=\"auto, (max-width: 1024px) 100vw, 1024px\" \/><\/a><\/figure>\n<\/div>\n<\/div>\n\n\n\n<p><\/p>\n\n\n\n<hr class=\"wp-block-separator has-alpha-channel-opacity\"\/>\n\n\n\n<div style=\"float: right;\"><form action=\"https:\/\/www.paypal.com\/donate\" method=\"post\" target=\"_top\">\n<input type=\"hidden\" name=\"hosted_button_id\" value=\"N3BY4AX725L68\" \/>\n<input type=\"hidden\" name=\"lc\" value=\"fr_CA\"\/>\n<input type=\"image\" src=\"https:\/\/www.paypalobjects.com\/fr_CA\/i\/btn\/btn_donateCC_LG.gif\" border=\"0\" name=\"submit\" title=\"PayPal - The safer, easier way to pay online!\" alt=\"Bouton Faire un don avec PayPal\" \/>\n<img loading=\"lazy\" decoding=\"async\" alt=\"\" border=\"0\" src=\"https:\/\/www.paypal.com\/fr_CA\/i\/scr\/pixel.gif\" width=\"1\" height=\"1\" \/>\n<\/form>\n<\/div>\n\n\n\n<h2 class=\"wp-block-heading\"><strong>Pour offrir votre soutien<\/strong><\/h2>\n\n\n\n<p>Vous pouvez faire un don<\/p>\n\n\n\n<ul class=\"wp-block-list\">\n<li>Par <strong>PayPal<\/strong> (cr\u00e9dit ou d\u00e9bit) en cliquant sur \u00ab&nbsp;Donner&nbsp;\u00bb \u00e0 droite<\/li>\n\n\n\n<li>Par <strong>transfert Interac<\/strong> au <a href=\"mailto:fnim@adventist.ca\">fnim@adventist.ca<\/a><\/li>\n\n\n\n<li>Par <strong>t\u00e9l\u00e9phone<\/strong> au 1-800-263-7868, poste 2084<\/li>\n\n\n\n<li>Par <strong>ch\u00e8que<\/strong> en l\u2019envoyant \u00e0 l\u2019adresse suivante :&nbsp;\n<ul class=\"wp-block-list\">\n<li>Indigenous Ministries<\/li>\n\n\n\n<li>Seventh-day Adventist Church in Canada<\/li>\n\n\n\n<li>1148 King Street East<\/li>\n\n\n\n<li>Oshawa, ON L1H 1H8<br><\/li>\n<\/ul>\n<\/li>\n\n\n\n<li>Sur <a href=\"http:\/\/adventistgiving.org\">adventistgiving.org<\/a> :&nbsp;\n<ul class=\"wp-block-list\">\n<li>Cliquer sur \u00ab&nbsp;AJOUTER DES CAT\u00c9GORIES&nbsp;\u00bb au bas de la section \u00ab&nbsp;OFFRES DE CONF\u00c9RENCE\/SYNDICAT&nbsp;\u00bb<\/li>\n\n\n\n<li>Cocher la case \u00ab&nbsp;Canadian Native Evangelism&nbsp;\u00bb<\/li>\n\n\n\n<li>Cliquer sur \u00ab&nbsp;RETOUR \u00c0 DON&nbsp;\u00bb<\/li>\n\n\n\n<li>Mettre le montant du don dans la case pr\u00e9vu \u00e0 cet effet<\/li>\n<\/ul>\n<\/li>\n<\/ul>\n\n\n\n<p><\/p>\n\n\n\n<h2 class=\"wp-block-heading\">Ressources (en anglais seulement)<\/h2>\n\n\n\n<ul class=\"wp-block-list\">\n<li><strong>Journey-Home Sanctuary&nbsp;:<\/strong> Une s\u00e9rie vid\u00e9o produite par Brad Dennis (Huu-ay-aht) sur le d\u00e9veloppement d\u2019une relation r\u00e9paratrice avec le Cr\u00e9ateur par des enseignements culturellement contextualis\u00e9s sur le sanctuaire biblique. Regardez les vid\u00e9os <a href=\"https:\/\/journeyhome.world\/series\/\" target=\"_blank\" rel=\"noreferrer noopener\">ici<\/a>.<\/li>\n<\/ul>\n\n\n\n<ul class=\"wp-block-list\">\n<li><strong>Restoring Hearts Indigenous Ministries :<\/strong> Une balado (<em>podcast<\/em>) dans laquelle des personnes autochtones sont interview\u00e9es et o\u00f9 elles racontent leur histoire et l\u2019esp\u00e9rance qu\u2019elles ont d\u00e9couverte avec le Cr\u00e9ateur de la Bible. \u00c9coutez <a href=\"https:\/\/www.restoringhearts.ca\/podcast\" target=\"_blank\" rel=\"noreferrer noopener\">ici<\/a>.<br><\/li>\n\n\n\n<li><strong>Moccasin Trail to Heaven :<\/strong> Un livre \u00e9crit pour les peuples autochtones par Liz Obomsawin (Abenaki\/Oneida). Obtenez votre exemplaire <a href=\"https:\/\/moccasintrail.com\" target=\"_blank\" rel=\"noreferrer noopener\">ici<\/a>.<br><\/li>\n\n\n\n<li><strong>Native New Day Bible Studies :<\/strong> Une s\u00e9rie vid\u00e9o et d\u2019\u00e9tudes bibliques sur des sujets bibliques pr\u00e9sent\u00e9s d\u2019un point de vue autochtone produite par Monte Church (Mohican) sp\u00e9cialement pour les peuples autochtones. Commencez les le\u00e7ons en ligne <a href=\"https:\/\/bibleschools.com\/en\/1791\" target=\"_blank\" rel=\"noreferrer noopener\">ici<\/a> et soyez mis en contact avec un mentor d\u2019\u00e9tude de votre r\u00e9gion.<br><\/li>\n\n\n\n<li><strong>Native New Health :<\/strong> Une s\u00e9rie vid\u00e9o sur des sujets relatifs \u00e0 la sant\u00e9 pertinents pour les communaut\u00e9s autochtones produite par le Dr Ed Dunn (Ojibwe). Regardez les vid\u00e9os <a href=\"https:\/\/www.youtube.com\/@nativenewhealth5014\/videos\" target=\"_blank\" rel=\"noreferrer noopener\">ici<\/a>.<\/li>\n<\/ul>\n\n\n<div class='EmpList text'><div class='EmpNoPicture'>&nbsp;<\/div><h4>Directeur de l&rsquo;IRM<\/h4>\n\t\t\t\t\t\t\n\t\t\t\t\t\t<div class='Employee'>Brad Dennis<br\/><a href='mailto:dennis.brad@adventist.ca'>dennis.brad@adventist.ca<\/a><\/div><\/div>\n<div class='EmpList text'><div class='EmpNoPicture'>&nbsp;<\/div><h4>Renseignements g&eacute;n&eacute;raux<\/h4>\n\t\t\t\t\t\t\n\t\t\t\t\t\t<div class='Employee'>(250) 885-8001<br\/>(951) 388-0222<br\/><a href='mailto:irm@adventist.ca'>irm@adventist.ca<\/a><\/div><\/div>\n<div style='clear:both'><\/div><div class='EmpList text'><div class='EmpNoPicture'>&nbsp;<\/div><h4>Directeur adjoint de l&rsquo;IRM<\/h4>\n\t\t\t\t\t\t\n\t\t\t\t\t\t<div class='Employee'>DeeAnna Dennis<br\/><a href='mailto:dennis.deeanna@adventist.ca'>dennis.deeanna@adventist.ca<\/a><\/div><\/div>\n<div style='clear:both; height:1px; padding:0px; margin:0px'><\/div>\n\n","protected":false},"excerpt":{"rendered":"<p>Le d\u00e9partement des Minist\u00e8res de r\u00e9conciliation avec les peuples autochtones (MRPA) de l\u2019\u00c9ASJC est consacr\u00e9 \u00e0 la r\u00e9conciliation d\u2019une dette spirituelle avec les peuples autochtones acquise par la mauvaise repr\u00e9sentation de notre Cr\u00e9ateur biblique par le \u00ab&nbsp;christianisme&nbsp;\u00bb colonial. Par la pri\u00e8re et la soumission aux directives du Saint-Esprit, nous comptons sur notre P\u00e8re c\u00e9leste et &hellip; <a href=\"https:\/\/www.adventist.ca\/fr\/services\/ministere-des-premieres-nations\/\">Continued<\/a><\/p>\n","protected":false},"author":18,"featured_media":0,"parent":94,"menu_order":7,"comment_status":"closed","ping_status":"closed","template":"template-simplewide.php","meta":[],"class_list":["post-990","page","type-page","status-publish","hentry","odd"],"_links":{"self":[{"href":"https:\/\/www.adventist.ca\/fr\/wp-json\/wp\/v2\/pages\/990","targetHints":{"allow":["GET"]}}],"collection":[{"href":"https:\/\/www.adventist.ca\/fr\/wp-json\/wp\/v2\/pages"}],"about":[{"href":"https:\/\/www.adventist.ca\/fr\/wp-json\/wp\/v2\/types\/page"}],"author":[{"embeddable":true,"href":"https:\/\/www.adventist.ca\/fr\/wp-json\/wp\/v2\/users\/18"}],"replies":[{"embeddable":true,"href":"https:\/\/www.adventist.ca\/fr\/wp-json\/wp\/v2\/comments?post=990"}],"version-history":[{"count":58,"href":"https:\/\/www.adventist.ca\/fr\/wp-json\/wp\/v2\/pages\/990\/revisions"}],"predecessor-version":[{"id":19967,"href":"https:\/\/www.adventist.ca\/fr\/wp-json\/wp\/v2\/pages\/990\/revisions\/19967"}],"up":[{"embeddable":true,"href":"https:\/\/www.adventist.ca\/fr\/wp-json\/wp\/v2\/pages\/94"}],"wp:attachment":[{"href":"https:\/\/www.adventist.ca\/fr\/wp-json\/wp\/v2\/media?parent=990"}],"curies":[{"name":"wp","href":"https:\/\/api.w.org\/{rel}","templated":true}]}}